{"id":2052,"date":"2016-06-30T10:56:42","date_gmt":"2016-06-30T09:56:42","guid":{"rendered":"https:\/\/bonnenouvelle.pro\/rosacepi\/?page_id=2052"},"modified":"2025-05-27T14:36:44","modified_gmt":"2025-05-27T12:36:44","slug":"pape-youtube","status":"publish","type":"page","link":"https:\/\/bonnenouvelle.pro\/rosacepi\/vie-chretienne\/decouvrir-dieu\/pape-youtube\/","title":{"rendered":"Le pape sur Youtube"},"content":{"rendered":"<h2>Audience g\u00e9n\u00e9rale du pape Fran\u00e7ois, sous-titr\u00e9e en fran\u00e7ais.<\/h2>\n<h4>Avec la cha\u00eene Youtube de <a href=\"https:\/\/ktotv.com\/\" target=\"_blank\" rel=\"noopener noreferrer\">KTO<\/a>.<\/h4>\n<h4><code><iframe loading=\"lazy\" src=\"https:\/\/www.youtube.com\/embed\/videoseries?list=PL5c8gysZPLlk_MxRAa0_nWwTQit4uwvjd\" width=\"560\" height=\"315\" frameborder=\"0\" allowfullscreen=\"allowfullscreen\"><span data-mce-type=\"bookmark\" style=\"display: inline-block; width: 0px; overflow: hidden; line-height: 0;\" class=\"mce_SELRES_start\">\ufeff<\/span><span data-mce-type=\"bookmark\" style=\"display: inline-block; width: 0px; overflow: hidden; line-height: 0;\" class=\"mce_SELRES_start\">\ufeff<\/span><\/iframe><\/code><\/h4>\n<p><a href=\"https:\/\/www.youtube.com\/user\/KTOTV\/playlists\" target=\"_blank\" rel=\"attachment wp-att-2055 noopener noreferrer\"><img loading=\"lazy\" decoding=\"async\" class=\"aligncenter wp-image-2055 size-full\" src=\"https:\/\/rosace.maparoisse.fr\/wp-content\/uploads\/sites\/46\/2016\/06\/logo-kto-400.jpg\" alt=\"KTO, t\u00e9l\u00e9vision catholique\" width=\"400\" height=\"225\" srcset=\"https:\/\/bonnenouvelle.pro\/rosacepi\/wp-content\/uploads\/sites\/37\/2016\/06\/logo-kto-400.jpg 400w, https:\/\/bonnenouvelle.pro\/rosacepi\/wp-content\/uploads\/sites\/37\/2016\/06\/logo-kto-400-300x169.jpg 300w\" sizes=\"auto, (max-width: 400px) 100vw, 400px\" \/><\/a><\/p>\n","protected":false},"excerpt":{"rendered":"<p>Audience g\u00e9n\u00e9rale du pape Fran\u00e7ois, sous-titr\u00e9e en fran\u00e7ais. Avec la cha\u00eene Youtube de KTO. \ufeff\ufeff<\/p>\n","protected":false},"author":2,"featured_media":0,"parent":1776,"menu_order":4,"comment_status":"open","ping_status":"closed","template":"","meta":{"footnotes":""},"class_list":["post-2052","page","type-page","status-publish","hentry","ctfw-no-image"],"yoast_head":"<!-- This site is optimized with the Yoast SEO plugin v27.3 - https:\/\/yoast.com\/product\/yoast-seo-wordpress\/ -->\n<title>Le pape sur Youtube<\/title>\n<meta name=\"description\" content=\"Audience g\u00e9n\u00e9rale du pape, sous-titr\u00e9e en fran\u00e7ais avec la cha\u00eene Youtube de KTO.\" \/>\n<meta name=\"robots\" content=\"noindex, follow, max-snippet:-1, max-image-preview:large, max-video-preview:-1\" \/>\n<meta property=\"og:locale\" content=\"fr_FR\" \/>\n<meta property=\"og:type\" content=\"article\" \/>\n<meta property=\"og:title\" content=\"Le pape sur Youtube\" \/>\n<meta property=\"og:description\" content=\"Audience g\u00e9n\u00e9rale du pape, sous-titr\u00e9e en fran\u00e7ais avec la cha\u00eene Youtube de KTO.\" \/>\n<meta property=\"og:url\" content=\"https:\/\/bonnenouvelle.pro\/rosacepi\/vie-chretienne\/decouvrir-dieu\/pape-youtube\/\" \/>\n<meta property=\"og:site_name\" content=\"Rosace Pack Initial\" \/>\n<meta property=\"article:modified_time\" content=\"2025-05-27T12:36:44+00:00\" \/>\n<meta property=\"og:image\" content=\"https:\/\/bonnenouvelle.pro\/rosacepi\/wp-content\/uploads\/sites\/37\/2016\/06\/logo-kto-400.jpg\" \/>\n\t<meta property=\"og:image:width\" content=\"400\" \/>\n\t<meta property=\"og:image:height\" content=\"225\" \/>\n\t<meta property=\"og:image:type\" content=\"image\/jpeg\" \/>\n<meta name=\"twitter:card\" content=\"summary_large_image\" \/>\n<script type=\"application\/ld+json\" class=\"yoast-schema-graph\">{\"@context\":\"https:\\\/\\\/schema.org\",\"@graph\":[{\"@type\":\"WebPage\",\"@id\":\"https:\\\/\\\/bonnenouvelle.pro\\\/rosacepi\\\/vie-chretienne\\\/decouvrir-dieu\\\/pape-youtube\\\/\",\"url\":\"https:\\\/\\\/bonnenouvelle.pro\\\/rosacepi\\\/vie-chretienne\\\/decouvrir-dieu\\\/pape-youtube\\\/\",\"name\":\"Le pape sur Youtube\",\"isPartOf\":{\"@id\":\"https:\\\/\\\/bonnenouvelle.pro\\\/rosacepi\\\/#website\"},\"primaryImageOfPage\":{\"@id\":\"https:\\\/\\\/bonnenouvelle.pro\\\/rosacepi\\\/vie-chretienne\\\/decouvrir-dieu\\\/pape-youtube\\\/#primaryimage\"},\"image\":{\"@id\":\"https:\\\/\\\/bonnenouvelle.pro\\\/rosacepi\\\/vie-chretienne\\\/decouvrir-dieu\\\/pape-youtube\\\/#primaryimage\"},\"thumbnailUrl\":\"https:\\\/\\\/rosace.maparoisse.fr\\\/wp-content\\\/uploads\\\/sites\\\/46\\\/2016\\\/06\\\/logo-kto-400.jpg\",\"datePublished\":\"2016-06-30T09:56:42+00:00\",\"dateModified\":\"2025-05-27T12:36:44+00:00\",\"description\":\"Audience g\u00e9n\u00e9rale du pape, sous-titr\u00e9e en fran\u00e7ais avec la cha\u00eene Youtube de KTO.\",\"breadcrumb\":{\"@id\":\"https:\\\/\\\/bonnenouvelle.pro\\\/rosacepi\\\/vie-chretienne\\\/decouvrir-dieu\\\/pape-youtube\\\/#breadcrumb\"},\"inLanguage\":\"fr-FR\",\"potentialAction\":[{\"@type\":\"ReadAction\",\"target\":[\"https:\\\/\\\/bonnenouvelle.pro\\\/rosacepi\\\/vie-chretienne\\\/decouvrir-dieu\\\/pape-youtube\\\/\"]}]},{\"@type\":\"ImageObject\",\"inLanguage\":\"fr-FR\",\"@id\":\"https:\\\/\\\/bonnenouvelle.pro\\\/rosacepi\\\/vie-chretienne\\\/decouvrir-dieu\\\/pape-youtube\\\/#primaryimage\",\"url\":\"https:\\\/\\\/rosace.maparoisse.fr\\\/wp-content\\\/uploads\\\/sites\\\/46\\\/2016\\\/06\\\/logo-kto-400.jpg\",\"contentUrl\":\"https:\\\/\\\/rosace.maparoisse.fr\\\/wp-content\\\/uploads\\\/sites\\\/46\\\/2016\\\/06\\\/logo-kto-400.jpg\"},{\"@type\":\"BreadcrumbList\",\"@id\":\"https:\\\/\\\/bonnenouvelle.pro\\\/rosacepi\\\/vie-chretienne\\\/decouvrir-dieu\\\/pape-youtube\\\/#breadcrumb\",\"itemListElement\":[{\"@type\":\"ListItem\",\"position\":1,\"name\":\"Vie chr\u00e9tienne\",\"item\":\"https:\\\/\\\/bonnenouvelle.pro\\\/rosacepi\\\/vie-chretienne\\\/\"},{\"@type\":\"ListItem\",\"position\":2,\"name\":\"D\u00e9couvrir Dieu\",\"item\":\"https:\\\/\\\/bonnenouvelle.pro\\\/rosacepi\\\/vie-chretienne\\\/decouvrir-dieu\\\/\"},{\"@type\":\"ListItem\",\"position\":3,\"name\":\"Le pape sur Youtube\"}]},{\"@type\":\"WebSite\",\"@id\":\"https:\\\/\\\/bonnenouvelle.pro\\\/rosacepi\\\/#website\",\"url\":\"https:\\\/\\\/bonnenouvelle.pro\\\/rosacepi\\\/\",\"name\":\"Rosace Pack Initial\",\"description\":\"Mod\u00e8le de site WordPress Bonnenouvelle.fr\",\"potentialAction\":[{\"@type\":\"SearchAction\",\"target\":{\"@type\":\"EntryPoint\",\"urlTemplate\":\"https:\\\/\\\/bonnenouvelle.pro\\\/rosacepi\\\/?s={search_term_string}\"},\"query-input\":{\"@type\":\"PropertyValueSpecification\",\"valueRequired\":true,\"valueName\":\"search_term_string\"}}],\"inLanguage\":\"fr-FR\"}]}<\/script>\n<!-- \/ Yoast SEO plugin. -->","yoast_head_json":{"title":"Le pape sur Youtube","description":"Audience g\u00e9n\u00e9rale du pape, sous-titr\u00e9e en fran\u00e7ais avec la cha\u00eene Youtube de KTO.","robots":{"index":"noindex","follow":"follow","max-snippet":"max-snippet:-1","max-image-preview":"max-image-preview:large","max-video-preview":"max-video-preview:-1"},"og_locale":"fr_FR","og_type":"article","og_title":"Le pape sur Youtube","og_description":"Audience g\u00e9n\u00e9rale du pape, sous-titr\u00e9e en fran\u00e7ais avec la cha\u00eene Youtube de KTO.","og_url":"https:\/\/bonnenouvelle.pro\/rosacepi\/vie-chretienne\/decouvrir-dieu\/pape-youtube\/","og_site_name":"Rosace Pack Initial","article_modified_time":"2025-05-27T12:36:44+00:00","og_image":[{"width":400,"height":225,"url":"https:\/\/bonnenouvelle.pro\/rosacepi\/wp-content\/uploads\/sites\/37\/2016\/06\/logo-kto-400.jpg","type":"image\/jpeg"}],"twitter_card":"summary_large_image","schema":{"@context":"https:\/\/schema.org","@graph":[{"@type":"WebPage","@id":"https:\/\/bonnenouvelle.pro\/rosacepi\/vie-chretienne\/decouvrir-dieu\/pape-youtube\/","url":"https:\/\/bonnenouvelle.pro\/rosacepi\/vie-chretienne\/decouvrir-dieu\/pape-youtube\/","name":"Le pape sur Youtube","isPartOf":{"@id":"https:\/\/bonnenouvelle.pro\/rosacepi\/#website"},"primaryImageOfPage":{"@id":"https:\/\/bonnenouvelle.pro\/rosacepi\/vie-chretienne\/decouvrir-dieu\/pape-youtube\/#primaryimage"},"image":{"@id":"https:\/\/bonnenouvelle.pro\/rosacepi\/vie-chretienne\/decouvrir-dieu\/pape-youtube\/#primaryimage"},"thumbnailUrl":"https:\/\/rosace.maparoisse.fr\/wp-content\/uploads\/sites\/46\/2016\/06\/logo-kto-400.jpg","datePublished":"2016-06-30T09:56:42+00:00","dateModified":"2025-05-27T12:36:44+00:00","description":"Audience g\u00e9n\u00e9rale du pape, sous-titr\u00e9e en fran\u00e7ais avec la cha\u00eene Youtube de KTO.","breadcrumb":{"@id":"https:\/\/bonnenouvelle.pro\/rosacepi\/vie-chretienne\/decouvrir-dieu\/pape-youtube\/#breadcrumb"},"inLanguage":"fr-FR","potentialAction":[{"@type":"ReadAction","target":["https:\/\/bonnenouvelle.pro\/rosacepi\/vie-chretienne\/decouvrir-dieu\/pape-youtube\/"]}]},{"@type":"ImageObject","inLanguage":"fr-FR","@id":"https:\/\/bonnenouvelle.pro\/rosacepi\/vie-chretienne\/decouvrir-dieu\/pape-youtube\/#primaryimage","url":"https:\/\/rosace.maparoisse.fr\/wp-content\/uploads\/sites\/46\/2016\/06\/logo-kto-400.jpg","contentUrl":"https:\/\/rosace.maparoisse.fr\/wp-content\/uploads\/sites\/46\/2016\/06\/logo-kto-400.jpg"},{"@type":"BreadcrumbList","@id":"https:\/\/bonnenouvelle.pro\/rosacepi\/vie-chretienne\/decouvrir-dieu\/pape-youtube\/#breadcrumb","itemListElement":[{"@type":"ListItem","position":1,"name":"Vie chr\u00e9tienne","item":"https:\/\/bonnenouvelle.pro\/rosacepi\/vie-chretienne\/"},{"@type":"ListItem","position":2,"name":"D\u00e9couvrir Dieu","item":"https:\/\/bonnenouvelle.pro\/rosacepi\/vie-chretienne\/decouvrir-dieu\/"},{"@type":"ListItem","position":3,"name":"Le pape sur Youtube"}]},{"@type":"WebSite","@id":"https:\/\/bonnenouvelle.pro\/rosacepi\/#website","url":"https:\/\/bonnenouvelle.pro\/rosacepi\/","name":"Rosace Pack Initial","description":"Mod\u00e8le de site WordPress Bonnenouvelle.fr","potentialAction":[{"@type":"SearchAction","target":{"@type":"EntryPoint","urlTemplate":"https:\/\/bonnenouvelle.pro\/rosacepi\/?s={search_term_string}"},"query-input":{"@type":"PropertyValueSpecification","valueRequired":true,"valueName":"search_term_string"}}],"inLanguage":"fr-FR"}]}},"_links":{"self":[{"href":"https:\/\/bonnenouvelle.pro\/rosacepi\/wp-json\/wp\/v2\/pages\/2052","targetHints":{"allow":["GET"]}}],"collection":[{"href":"https:\/\/bonnenouvelle.pro\/rosacepi\/wp-json\/wp\/v2\/pages"}],"about":[{"href":"https:\/\/bonnenouvelle.pro\/rosacepi\/wp-json\/wp\/v2\/types\/page"}],"author":[{"embeddable":true,"href":"https:\/\/bonnenouvelle.pro\/rosacepi\/wp-json\/wp\/v2\/users\/2"}],"replies":[{"embeddable":true,"href":"https:\/\/bonnenouvelle.pro\/rosacepi\/wp-json\/wp\/v2\/comments?post=2052"}],"version-history":[{"count":0,"href":"https:\/\/bonnenouvelle.pro\/rosacepi\/wp-json\/wp\/v2\/pages\/2052\/revisions"}],"up":[{"embeddable":true,"href":"https:\/\/bonnenouvelle.pro\/rosacepi\/wp-json\/wp\/v2\/pages\/1776"}],"wp:attachment":[{"href":"https:\/\/bonnenouvelle.pro\/rosacepi\/wp-json\/wp\/v2\/media?parent=2052"}],"curies":[{"name":"wp","href":"https:\/\/api.w.org\/{rel}","templated":true}]}}