{"id":1975,"date":"2016-06-24T12:24:31","date_gmt":"2016-06-24T11:24:31","guid":{"rendered":"https:\/\/bonnenouvelle.pro\/rosacepi\/?page_id=1975"},"modified":"2025-05-26T15:39:40","modified_gmt":"2025-05-26T13:39:40","slug":"mentions-legales","status":"publish","type":"page","link":"https:\/\/bonnenouvelle.pro\/rosacepi\/mentions-legales\/","title":{"rendered":"Mentions l\u00e9gales"},"content":{"rendered":"<h4>Voici la politique de confidentialit\u00e9, les mentions l\u00e9gales et cr\u00e9dits photos du site de .<\/h4>\n<h2>Politique de confidentialit\u00e9<\/h2>\n<h3>Protection des donn\u00e9es personnelles<\/h3>\n<p>Conform\u00e9ment \u00e0 la Loi \u00ab informatique et libert\u00e9s \u00bb du 6 janvier 1978 modifi\u00e9e le 20 juin 2018 et au R\u00e8glement (UE) 2016\/679 du 27 avril 2016 sur la protection des donn\u00e9es, vous b\u00e9n\u00e9ficiez d\u2019un droit d\u2019acc\u00e8s, de rectification de vos donn\u00e9es, d\u2019un droit d\u2019opposition et de limitation \u00e0 un traitement, d\u2019un droit \u00e0 l\u2019oubli et \u00e0 la portabilit\u00e9 des informations qui la concernent.<br \/>\nPour l\u2019ensemble de ces demandes ou en cas de r\u00e9clamation, il vous suffit d\u2019<em>envoyer un courrier ou un e-mail, avec en pj copie de votre titre d\u2019identit\u00e9<\/em>, expliquant en d\u00e9tail votre demande \u00e0 :<\/p>\n<ul>\n<li>Paroisse XX &#8211; Secr\u00e9tariat adresse CP VILLE ou \u00e0 <a href=\"mailto:ma**@*****ne.com\" data-original-string=\"XgIxk3mZCUctDtti5WS9PQ==889smYRbEOrNbOF915jNJJlB2eV1N24cNroJc7tR3W8Z6U=\" title=\"This contact has been encoded by Anti-Spam by CleanTalk. Click to decode. To finish the decoding make sure that JavaScript is enabled in your browser.\"><span \n                data-original-string='WGp9jjkZ7LLeuidH2e4OHQ==889H3aL1FZaRDpYQFWW9CX2K7VdmeQctJ1Lv+9OUDXQcKo='\n                class='apbct-email-encoder'\n                title='This contact has been encoded by Anti-Spam by CleanTalk. Click to decode. To finish the decoding make sure that JavaScript is enabled in your browser.'>ma<span class=\"apbct-blur\">**<\/span>@<span class=\"apbct-blur\">*****<\/span>ne.com<\/span><\/a><\/li>\n<\/ul>\n<h3>Collecte et conservation des donn\u00e9es<\/h3>\n<p>Dans le cadre de votre participation aux activit\u00e9s de XX, vous nous confiez certaines donn\u00e9es personnelles, afin de pouvoir vous identifier ou de vous contacter. Les donn\u00e9es collect\u00e9es sont r\u00e9serv\u00e9es aux personnes habilit\u00e9es par XX et sont stock\u00e9es de fa\u00e7on s\u00e9curis\u00e9e et confidentielle.<br \/>\n<strong>Nous nous engageons \u00e0 ne pas c\u00e9der ces donn\u00e9es \u00e0 des tiers<\/strong>.<\/p>\n<p>Les formulaires de ce site limitent la collecte des donn\u00e9es personnelles au strict n\u00e9cessaire (minimisation des donn\u00e9es) et indiquent notamment :<\/p>\n<ul>\n<li>le recueil de votre consentement pour conserver ces donn\u00e9es<\/li>\n<li>quelles sont les finalit\u00e9s du recueil de ces donn\u00e9es<\/li>\n<li>la dur\u00e9e de conservation de ces donn\u00e9es<br \/>\nEn r\u00e8gle g\u00e9n\u00e9rale, un an pour un formulaire de contact ou d&rsquo;inscription \u00e0 un \u00e9v\u00e8nement, 3 \u00e0 6 ans pour une inscription \u00e0 une activit\u00e9, 6 ans pour un don.<\/li>\n<li>si ces donn\u00e9es sont obligatoires ou facultatives pour la gestion de votre demande.<\/li>\n<\/ul>\n<p>Afin d&rsquo;en savoir plus sur les donn\u00e9es personnelles que nous recueillons et sur la fa\u00e7on dont nous les prot\u00e9geons, nous vous invitons \u00e0 <a href=\"https:\/\/www.paris.catholique.fr\/-mentions-legales-.html\" target=\"_blank\" rel=\"noopener noreferrer\">consulter la politique de confidentialit\u00e9 de XX<\/a><\/p>\n<h3>Commentaires<\/h3>\n<p>Quand vous laissez un commentaire sur notre site web, les donn\u00e9es inscrites dans le formulaire de commentaire, mais aussi votre adresse IP et l\u2019agent utilisateur de votre navigateur web sont collect\u00e9s pour nous aider \u00e0 la d\u00e9tection des commentaires ind\u00e9sirables. Les commentaires des visiteurs sont v\u00e9rifi\u00e9s \u00e0 l\u2019aide d\u2019un service automatis\u00e9 de d\u00e9tection des commentaires ind\u00e9sirables. Ces cookies de commentaire sont effac\u00e9s automatiquement au bout d\u2019un an.<\/p>\n<h3>Cookies<\/h3>\n<p>[cmplz-document type=\u00a0\u00bbcookie-statement\u00a0\u00bb region=\u00a0\u00bbeu\u00a0\u00bb]<\/p>\n<h2>Editeur du site<\/h2>\n<p><strong>Nom<br \/>\n<\/strong><\/p>\n<div>\n<div><strong>Responsable \u00e9ditorial : P. X, cur\u00e9\u00a0<\/strong><\/div>\n<ul>\n<li>\n<div>Adresse<\/div>\n<\/li>\n<li>\n<div>T\u00e9l. : + 33<\/div>\n<\/li>\n<\/ul>\n<\/div>\n<h2>Conception et maintenance<\/h2>\n<ul>\n<li><a href=\"https:\/\/bonnenouvelle.fr\/\" target=\"_blank\" rel=\"noopener noreferrer\">Bonnenouvelle.fr<\/a> : Entreprise individuelle Siret 434 982 450 00034\n<ul>\n<li><a href=\"https:\/\/bonnenouvelle.fr\/_Contacter-Bonnenouvelle-fr_.html\" target=\"_blank\" rel=\"noopener noreferrer\">Contact<\/a><\/li>\n<\/ul>\n<\/li>\n<\/ul>\n<h2>Site motoris\u00e9 avec WordPress<\/h2>\n<ul>\n<li><a href=\"https:\/\/fr.wordpress.org\/\" target=\"_blank\" rel=\"noopener noreferrer\">WordPress<\/a>, logiciel libre distribu\u00e9 sous licence publique g\u00e9n\u00e9rale <span class=\"notranslate\"> GPLv2 <\/span>(<em>General Public License<\/em>), derni\u00e8re version.<\/li>\n<\/ul>\n<h2>H\u00e9berg\u00e9 par WP Serveur<\/h2>\n<p><a href=\"https:\/\/www.wpserveur.net\/?refwps=118\" target=\"_blank\" rel=\"external noopener noreferrer\">WP Serveur<\/a> Sarl, sp\u00e9cialiste de l\u2019h\u00e9bergement s\u00e9curis\u00e9 de sites WordPress, au capital de 10 000 \u20ac, inscrite au RCS de N\u00eemes sous le num\u00e9ro 808 840 474<\/p>\n<ul>\n<li>7 rue de la Cit\u00e9 Foulc 30000 N\u00eemes &#8211;\u00a0<a href=\"https:\/\/www.wpserveur.net\/#contact\" target=\"_blank\" rel=\"external noopener noreferrer\">Contact<\/a><\/li>\n<\/ul>\n<h2>Cr\u00e9dits photos<\/h2>\n<p>Photos libres de droit avec autorisation de leurs auteurs, merci \u00e0 :<\/p>\n<ul>\n<li><a href=\"https:\/\/paroisses-sarreguemines.fr\/\" target=\"_blank\" rel=\"noopener noreferrer\">Paroisses de Sarreguemines<\/a> : pour les photos des pages \u00e9quipe et premi\u00e8re communion et pour ces textes sur les sacrements<\/li>\n<li><a href=\"https:\/\/fr.aleteia.org\" target=\"_blank\" rel=\"noopener noreferrer\">https:\/\/fr.aleteia.org<\/a><\/li>\n<li><a href=\"https:\/\/parcoursalpha.fr\" target=\"_blank\" rel=\"noopener noreferrer\">https:\/\/parcoursalpha.fr<\/a><\/li>\n<\/ul>\n<p>ou sous licence<em> Creative commons <\/em>provenant de :<\/p>\n<ul>\n<li><a href=\"https:\/\/www.flickr.com\/photos\/bostoncatholic\/\" target=\"_blank\" rel=\"noopener noreferrer\">Albums Flickr du Dioc\u00e8se catholique de Boston (Etats-Unis)<\/a><\/li>\n<li><a href=\"https:\/\/commons.wikimedia.org\/wiki\/Accueil\" target=\"_blank\" rel=\"noopener noreferrer\">https:\/\/commons.wikimedia.org\/wiki\/Accueil<\/a><\/li>\n<li><a href=\"https:\/\/www.flickr.com\/creativecommons\" target=\"_blank\" rel=\"noopener noreferrer\">https:\/\/www.flickr.com\/creativecommons<\/a><\/li>\n<li><a href=\"https:\/\/www.pexels.com\" target=\"_blank\" rel=\"noopener noreferrer\">https:\/\/www.pexels.com<\/a><\/li>\n<li><a href=\"https:\/\/pixabay.com\/fr\" target=\"_blank\" rel=\"noopener noreferrer\">https:\/\/pixabay.com\/fr<\/a><\/li>\n<li><a href=\"https:\/\/publicdomainarchive.com\" target=\"_blank\" rel=\"noopener noreferrer\">https:\/\/publicdomainarchive.com<\/a><\/li>\n<li><a href=\"https:\/\/stocksnap.io\" target=\"_blank\" rel=\"noopener noreferrer\">https:\/\/stocksnap.io<\/a><\/li>\n<li><a href=\"https:\/\/unsplash.com\" target=\"_blank\" rel=\"noopener noreferrer\">https:\/\/unsplash.com<\/a><\/li>\n<li><a href=\"https:\/\/visualhunt.com\" target=\"_blank\" rel=\"noopener noreferrer\">https:\/\/visualhunt.com<\/a><\/li>\n<\/ul>\n","protected":false},"excerpt":{"rendered":"<p>Voici la politique de confidentialit\u00e9, les mentions l\u00e9gales et cr\u00e9dits photos du site de . Politique de confidentialit\u00e9 Protection des donn\u00e9es personnelles Conform\u00e9ment \u00e0 la Loi \u00ab informatique et libert\u00e9s \u00bb du 6 janvier 1978 modifi\u00e9e le 20 juin 2018 et au R\u00e8glement (UE) 2016\/679 du 27 avril 2016 sur la protection des donn\u00e9es, vous&hellip;<\/p>\n","protected":false},"author":2,"featured_media":2492,"parent":0,"menu_order":7,"comment_status":"open","ping_status":"closed","template":"","meta":{"footnotes":""},"class_list":["post-1975","page","type-page","status-publish","has-post-thumbnail","hentry","ctfw-has-image"],"yoast_head":"<!-- This site is optimized with the Yoast SEO plugin v27.6 - https:\/\/yoast.com\/product\/yoast-seo-wordpress\/ -->\n<title>Mentions l\u00e9gales du site de la paroisse de<\/title>\n<meta name=\"description\" content=\"Politique de confidentialit\u00e9, mentions l\u00e9gales et cr\u00e9dits photos du site de\" \/>\n<meta name=\"robots\" content=\"noindex, follow, max-snippet:-1, max-image-preview:large, max-video-preview:-1\" \/>\n<meta property=\"og:locale\" content=\"fr_FR\" \/>\n<meta property=\"og:type\" content=\"article\" \/>\n<meta property=\"og:title\" content=\"Mentions l\u00e9gales du site de la paroisse de\" \/>\n<meta property=\"og:description\" content=\"Politique de confidentialit\u00e9, mentions l\u00e9gales et cr\u00e9dits photos du site de\" \/>\n<meta property=\"og:url\" content=\"https:\/\/bonnenouvelle.pro\/rosacepi\/mentions-legales\/\" \/>\n<meta property=\"og:site_name\" content=\"Rosace Pack Initial\" \/>\n<meta property=\"article:modified_time\" content=\"2025-05-26T13:39:40+00:00\" \/>\n<meta property=\"og:image\" content=\"https:\/\/bonnenouvelle.pro\/rosacepi\/wp-content\/uploads\/sites\/37\/2016\/06\/lieux-oliviers-960x250.jpg\" \/>\n\t<meta property=\"og:image:width\" content=\"960\" \/>\n\t<meta property=\"og:image:height\" content=\"250\" \/>\n\t<meta property=\"og:image:type\" content=\"image\/jpeg\" \/>\n<meta name=\"twitter:card\" content=\"summary_large_image\" \/>\n<meta name=\"twitter:label1\" content=\"Dur\u00e9e de lecture estim\u00e9e\" \/>\n\t<meta name=\"twitter:data1\" content=\"3 minutes\" \/>\n<script type=\"application\/ld+json\" class=\"yoast-schema-graph\">{\"@context\":\"https:\\\/\\\/schema.org\",\"@graph\":[{\"@type\":\"WebPage\",\"@id\":\"https:\\\/\\\/bonnenouvelle.pro\\\/rosacepi\\\/mentions-legales\\\/\",\"url\":\"https:\\\/\\\/bonnenouvelle.pro\\\/rosacepi\\\/mentions-legales\\\/\",\"name\":\"Mentions l\u00e9gales du site de la paroisse de\",\"isPartOf\":{\"@id\":\"https:\\\/\\\/bonnenouvelle.pro\\\/rosacepi\\\/#website\"},\"primaryImageOfPage\":{\"@id\":\"https:\\\/\\\/bonnenouvelle.pro\\\/rosacepi\\\/mentions-legales\\\/#primaryimage\"},\"image\":{\"@id\":\"https:\\\/\\\/bonnenouvelle.pro\\\/rosacepi\\\/mentions-legales\\\/#primaryimage\"},\"thumbnailUrl\":\"https:\\\/\\\/bonnenouvelle.pro\\\/rosacepi\\\/wp-content\\\/uploads\\\/sites\\\/37\\\/2016\\\/06\\\/lieux-oliviers-960x250.jpg\",\"datePublished\":\"2016-06-24T11:24:31+00:00\",\"dateModified\":\"2025-05-26T13:39:40+00:00\",\"description\":\"Politique de confidentialit\u00e9, mentions l\u00e9gales et cr\u00e9dits photos du site de\",\"inLanguage\":\"fr-FR\",\"potentialAction\":[{\"@type\":\"ReadAction\",\"target\":[\"https:\\\/\\\/bonnenouvelle.pro\\\/rosacepi\\\/mentions-legales\\\/\"]}]},{\"@type\":\"ImageObject\",\"inLanguage\":\"fr-FR\",\"@id\":\"https:\\\/\\\/bonnenouvelle.pro\\\/rosacepi\\\/mentions-legales\\\/#primaryimage\",\"url\":\"https:\\\/\\\/bonnenouvelle.pro\\\/rosacepi\\\/wp-content\\\/uploads\\\/sites\\\/37\\\/2016\\\/06\\\/lieux-oliviers-960x250.jpg\",\"contentUrl\":\"https:\\\/\\\/bonnenouvelle.pro\\\/rosacepi\\\/wp-content\\\/uploads\\\/sites\\\/37\\\/2016\\\/06\\\/lieux-oliviers-960x250.jpg\",\"width\":960,\"height\":250},{\"@type\":\"WebSite\",\"@id\":\"https:\\\/\\\/bonnenouvelle.pro\\\/rosacepi\\\/#website\",\"url\":\"https:\\\/\\\/bonnenouvelle.pro\\\/rosacepi\\\/\",\"name\":\"Rosace Pack Initial\",\"description\":\"Mod\u00e8le de site WordPress Bonnenouvelle.fr\",\"potentialAction\":[{\"@type\":\"SearchAction\",\"target\":{\"@type\":\"EntryPoint\",\"urlTemplate\":\"https:\\\/\\\/bonnenouvelle.pro\\\/rosacepi\\\/?s={search_term_string}\"},\"query-input\":{\"@type\":\"PropertyValueSpecification\",\"valueRequired\":true,\"valueName\":\"search_term_string\"}}],\"inLanguage\":\"fr-FR\"}]}<\/script>\n<!-- \/ Yoast SEO plugin. -->","yoast_head_json":{"title":"Mentions l\u00e9gales du site de la paroisse de","description":"Politique de confidentialit\u00e9, mentions l\u00e9gales et cr\u00e9dits photos du site de","robots":{"index":"noindex","follow":"follow","max-snippet":"max-snippet:-1","max-image-preview":"max-image-preview:large","max-video-preview":"max-video-preview:-1"},"og_locale":"fr_FR","og_type":"article","og_title":"Mentions l\u00e9gales du site de la paroisse de","og_description":"Politique de confidentialit\u00e9, mentions l\u00e9gales et cr\u00e9dits photos du site de","og_url":"https:\/\/bonnenouvelle.pro\/rosacepi\/mentions-legales\/","og_site_name":"Rosace Pack Initial","article_modified_time":"2025-05-26T13:39:40+00:00","og_image":[{"width":960,"height":250,"url":"https:\/\/bonnenouvelle.pro\/rosacepi\/wp-content\/uploads\/sites\/37\/2016\/06\/lieux-oliviers-960x250.jpg","type":"image\/jpeg"}],"twitter_card":"summary_large_image","twitter_misc":{"Dur\u00e9e de lecture estim\u00e9e":"3 minutes"},"schema":{"@context":"https:\/\/schema.org","@graph":[{"@type":"WebPage","@id":"https:\/\/bonnenouvelle.pro\/rosacepi\/mentions-legales\/","url":"https:\/\/bonnenouvelle.pro\/rosacepi\/mentions-legales\/","name":"Mentions l\u00e9gales du site de la paroisse de","isPartOf":{"@id":"https:\/\/bonnenouvelle.pro\/rosacepi\/#website"},"primaryImageOfPage":{"@id":"https:\/\/bonnenouvelle.pro\/rosacepi\/mentions-legales\/#primaryimage"},"image":{"@id":"https:\/\/bonnenouvelle.pro\/rosacepi\/mentions-legales\/#primaryimage"},"thumbnailUrl":"https:\/\/bonnenouvelle.pro\/rosacepi\/wp-content\/uploads\/sites\/37\/2016\/06\/lieux-oliviers-960x250.jpg","datePublished":"2016-06-24T11:24:31+00:00","dateModified":"2025-05-26T13:39:40+00:00","description":"Politique de confidentialit\u00e9, mentions l\u00e9gales et cr\u00e9dits photos du site de","inLanguage":"fr-FR","potentialAction":[{"@type":"ReadAction","target":["https:\/\/bonnenouvelle.pro\/rosacepi\/mentions-legales\/"]}]},{"@type":"ImageObject","inLanguage":"fr-FR","@id":"https:\/\/bonnenouvelle.pro\/rosacepi\/mentions-legales\/#primaryimage","url":"https:\/\/bonnenouvelle.pro\/rosacepi\/wp-content\/uploads\/sites\/37\/2016\/06\/lieux-oliviers-960x250.jpg","contentUrl":"https:\/\/bonnenouvelle.pro\/rosacepi\/wp-content\/uploads\/sites\/37\/2016\/06\/lieux-oliviers-960x250.jpg","width":960,"height":250},{"@type":"WebSite","@id":"https:\/\/bonnenouvelle.pro\/rosacepi\/#website","url":"https:\/\/bonnenouvelle.pro\/rosacepi\/","name":"Rosace Pack Initial","description":"Mod\u00e8le de site WordPress Bonnenouvelle.fr","potentialAction":[{"@type":"SearchAction","target":{"@type":"EntryPoint","urlTemplate":"https:\/\/bonnenouvelle.pro\/rosacepi\/?s={search_term_string}"},"query-input":{"@type":"PropertyValueSpecification","valueRequired":true,"valueName":"search_term_string"}}],"inLanguage":"fr-FR"}]}},"_links":{"self":[{"href":"https:\/\/bonnenouvelle.pro\/rosacepi\/wp-json\/wp\/v2\/pages\/1975","targetHints":{"allow":["GET"]}}],"collection":[{"href":"https:\/\/bonnenouvelle.pro\/rosacepi\/wp-json\/wp\/v2\/pages"}],"about":[{"href":"https:\/\/bonnenouvelle.pro\/rosacepi\/wp-json\/wp\/v2\/types\/page"}],"author":[{"embeddable":true,"href":"https:\/\/bonnenouvelle.pro\/rosacepi\/wp-json\/wp\/v2\/users\/2"}],"replies":[{"embeddable":true,"href":"https:\/\/bonnenouvelle.pro\/rosacepi\/wp-json\/wp\/v2\/comments?post=1975"}],"version-history":[{"count":0,"href":"https:\/\/bonnenouvelle.pro\/rosacepi\/wp-json\/wp\/v2\/pages\/1975\/revisions"}],"wp:featuredmedia":[{"embeddable":true,"href":"https:\/\/bonnenouvelle.pro\/rosacepi\/wp-json\/wp\/v2\/media\/2492"}],"wp:attachment":[{"href":"https:\/\/bonnenouvelle.pro\/rosacepi\/wp-json\/wp\/v2\/media?parent=1975"}],"curies":[{"name":"wp","href":"https:\/\/api.w.org\/{rel}","templated":true}]}}