{"id":1836,"date":"2016-03-22T15:29:03","date_gmt":"2016-03-22T14:29:03","guid":{"rendered":"https:\/\/bonnenouvelle.pro\/rosacepi\/paroisse\/infos-paroisse\/feuille-dinformations-paroissiales-2\/"},"modified":"2020-08-21T11:00:13","modified_gmt":"2020-08-21T09:00:13","slug":"horaires-messes","status":"publish","type":"page","link":"https:\/\/bonnenouvelle.pro\/rosacepi\/paroisse\/infos-paroisse\/horaires-messes\/","title":{"rendered":"Horaires de la paroisse"},"content":{"rendered":"<h4>Toutes les infos pratiques de la paroisse de XX : contacts, horaires des messes et d&rsquo;accueil.<\/h4>\n<h2>Adresse des \u00e9glises<\/h2>\n<h3>Cath\u00e9drale Notre-Dame de la Seds<\/h3>\n<p>55 place de la cath\u00e9drale<br \/>\n83000 Toulon<br \/>\nT\u00e9l. :\u00a004 94 92 28 91<\/p>\n<ul>\n<li>Eglise ouverte de 8h30 \u00e0 12h et de 14h \u00e0 19h, le samedi jusqu&rsquo;\u00e0 19h30 et le dimanche jusqu&rsquo;\u00e0 20h<\/li>\n<\/ul>\n<h2>Messes du dimanche<\/h2>\n<ul>\n<li>Samedi\u00a0: 18h30<\/li>\n<li>Dimanche\u00a0: 9h, 10h30, 19h<\/li>\n<\/ul>\n<ul>\n<li><span style=\"color: #ff0000;\"><em>Garderie et liturgie pour les enfants\u00a0?<\/em><\/span><\/li>\n<li><span style=\"color: #ff0000;\"><em>Parking \u00e0 proximit\u00e9, transports en commun, v\u00e9los en libre-service ?<\/em><\/span><\/li>\n<\/ul>\n<h2>Messes de semaine<\/h2>\n<ul>\n<li>Du lundi au vendredi\u00a0: 9h, 18h30<\/li>\n<li>Samedi : 11h30<\/li>\n<\/ul>\n<h2>Accueil et confessions<\/h2>\n<h3>Accueil par un la\u00efc<\/h3>\n<ul>\n<li>du mardi au vendredi : 16h-18h<\/li>\n<li>mercredi et samedi : 10h-12h<\/li>\n<\/ul>\n<h3>Accueil par un pr\u00eatre et confessions<\/h3>\n<ul>\n<li>jeudi : 17h-19h (accueil par le p\u00e8re Fran\u00e7ois)<\/li>\n<\/ul>\n<h2>Adoration du Saint-Sacrement<\/h2>\n<ul>\n<li>Eglise\u00a0: 8h30 &#8211; 12h et 14h &#8211; 19h (samedi 19h30, dimanche 20h)<\/li>\n<\/ul>\n<figure id=\"attachment_2367\" aria-describedby=\"caption-attachment-2367\" style=\"width: 300px\" class=\"wp-caption alignright\"><a href=\"http:\/\/messes.info\/\" target=\"_blank\" rel=\"attachment wp-att-2367 noopener noreferrer\"><img loading=\"lazy\" decoding=\"async\" class=\"wp-image-2367 size-medium\" src=\"https:\/\/bonnenouvelle.pro\/rosacepi\/wp-content\/uploads\/sites\/37\/2016\/03\/MessesInfo_logo-480-300x161.png\" alt=\"A quelle heure est la messe ?\" width=\"300\" height=\"161\" srcset=\"https:\/\/bonnenouvelle.pro\/rosacepi\/wp-content\/uploads\/sites\/37\/2016\/03\/MessesInfo_logo-480-300x161.png 300w, https:\/\/bonnenouvelle.pro\/rosacepi\/wp-content\/uploads\/sites\/37\/2016\/03\/MessesInfo_logo-480.png 480w\" sizes=\"auto, (max-width: 300px) 100vw, 300px\" \/><\/a><figcaption id=\"caption-attachment-2367\" class=\"wp-caption-text\">A quelle heure est la messe ?<\/figcaption><\/figure>\n<ul>\n<li>Oratoire\u00a0: 8h30 &#8211; 22h30 (samedi 19h30, dimanche 20h)<\/li>\n<\/ul>\n<h2>Tous les horaires des c\u00e9l\u00e9brations<\/h2>\n<div class=\"EgliseInfo-container\">\n<div data-egliseinfo=\"horaires\" data-search=\"cathedrale de toulon toutecelebration\" data-open-in-egliseinfo=\"true\"><\/div>\n<p><script type=\"text\/javascript\" language=\"javascript\" src=\"https:\/\/messes.info\/\/Widget\/Widget.nocache.js\"><\/script><\/p>\n<p>Retrouvez tous les horaires des c\u00e9l\u00e9brations sur <a href=\"https:\/\/messes.info\/horaires\/cathedrale%20de%20toulon%20toutecelebration\">www.messes.info<\/a><\/p>\n<\/div>\n","protected":false},"excerpt":{"rendered":"<p>Toutes les infos pratiques de la paroisse de XX : contacts, horaires des messes et d&rsquo;accueil. Adresse des \u00e9glises Cath\u00e9drale Notre-Dame de la Seds 55 place de la cath\u00e9drale 83000 Toulon T\u00e9l. :\u00a004 94 92 28 91 Eglise ouverte de 8h30 \u00e0 12h et de 14h \u00e0 19h, le samedi jusqu&rsquo;\u00e0 19h30 et le dimanche&hellip;<\/p>\n","protected":false},"author":2,"featured_media":1786,"parent":1818,"menu_order":3,"comment_status":"open","ping_status":"closed","template":"page-templates\/locations.php","meta":{"footnotes":""},"class_list":["post-1836","page","type-page","status-publish","has-post-thumbnail","hentry","ctfw-has-image"],"yoast_head":"<!-- This site is optimized with the Yoast SEO plugin v27.5 - https:\/\/yoast.com\/product\/yoast-seo-wordpress\/ -->\n<title>Toutes les infos pratiques de la paroisse de : contacts, horaires des messes et d&#039;accueil.<\/title>\n<meta name=\"description\" content=\"Toutes les infos pratiques de la paroisse de : contacts, horaires des messes et d&#039;accueil.\" \/>\n<meta name=\"robots\" content=\"noindex, follow, max-snippet:-1, max-image-preview:large, max-video-preview:-1\" \/>\n<meta property=\"og:locale\" content=\"fr_FR\" \/>\n<meta property=\"og:type\" content=\"article\" \/>\n<meta property=\"og:title\" content=\"Toutes les infos pratiques de la paroisse de : contacts, horaires des messes et d&#039;accueil.\" \/>\n<meta property=\"og:description\" content=\"Toutes les infos pratiques de la paroisse de : contacts, horaires des messes et d&#039;accueil.\" \/>\n<meta property=\"og:url\" content=\"https:\/\/bonnenouvelle.pro\/rosacepi\/paroisse\/infos-paroisse\/horaires-messes\/\" \/>\n<meta property=\"og:site_name\" content=\"Rosace Pack Initial\" \/>\n<meta property=\"article:modified_time\" content=\"2020-08-21T09:00:13+00:00\" \/>\n<meta property=\"og:image\" content=\"https:\/\/i0.wp.com\/bonnenouvelle.pro\/rosacepi\/wp-content\/uploads\/sites\/37\/2016\/03\/servir-liturgie-960\u00d7250.jpg?fit=958%2C250&ssl=1\" \/>\n\t<meta property=\"og:image:width\" content=\"958\" \/>\n\t<meta property=\"og:image:height\" content=\"250\" \/>\n\t<meta property=\"og:image:type\" content=\"image\/jpeg\" \/>\n<meta name=\"twitter:card\" content=\"summary_large_image\" \/>\n<script type=\"application\/ld+json\" class=\"yoast-schema-graph\">{\"@context\":\"https:\\\/\\\/schema.org\",\"@graph\":[{\"@type\":\"WebPage\",\"@id\":\"https:\\\/\\\/bonnenouvelle.pro\\\/rosacepi\\\/paroisse\\\/infos-paroisse\\\/horaires-messes\\\/\",\"url\":\"https:\\\/\\\/bonnenouvelle.pro\\\/rosacepi\\\/paroisse\\\/infos-paroisse\\\/horaires-messes\\\/\",\"name\":\"Toutes les infos pratiques de la paroisse de : contacts, horaires des messes et d'accueil.\",\"isPartOf\":{\"@id\":\"https:\\\/\\\/bonnenouvelle.pro\\\/rosacepi\\\/#website\"},\"primaryImageOfPage\":{\"@id\":\"https:\\\/\\\/bonnenouvelle.pro\\\/rosacepi\\\/paroisse\\\/infos-paroisse\\\/horaires-messes\\\/#primaryimage\"},\"image\":{\"@id\":\"https:\\\/\\\/bonnenouvelle.pro\\\/rosacepi\\\/paroisse\\\/infos-paroisse\\\/horaires-messes\\\/#primaryimage\"},\"thumbnailUrl\":\"https:\\\/\\\/bonnenouvelle.pro\\\/rosacepi\\\/wp-content\\\/uploads\\\/sites\\\/37\\\/2016\\\/03\\\/servir-liturgie-960-50.jpg\",\"datePublished\":\"2016-03-22T14:29:03+00:00\",\"dateModified\":\"2020-08-21T09:00:13+00:00\",\"description\":\"Toutes les infos pratiques de la paroisse de : contacts, horaires des messes et d'accueil.\",\"breadcrumb\":{\"@id\":\"https:\\\/\\\/bonnenouvelle.pro\\\/rosacepi\\\/paroisse\\\/infos-paroisse\\\/horaires-messes\\\/#breadcrumb\"},\"inLanguage\":\"fr-FR\",\"potentialAction\":[{\"@type\":\"ReadAction\",\"target\":[\"https:\\\/\\\/bonnenouvelle.pro\\\/rosacepi\\\/paroisse\\\/infos-paroisse\\\/horaires-messes\\\/\"]}]},{\"@type\":\"ImageObject\",\"inLanguage\":\"fr-FR\",\"@id\":\"https:\\\/\\\/bonnenouvelle.pro\\\/rosacepi\\\/paroisse\\\/infos-paroisse\\\/horaires-messes\\\/#primaryimage\",\"url\":\"https:\\\/\\\/bonnenouvelle.pro\\\/rosacepi\\\/wp-content\\\/uploads\\\/sites\\\/37\\\/2016\\\/03\\\/servir-liturgie-960-50.jpg\",\"contentUrl\":\"https:\\\/\\\/bonnenouvelle.pro\\\/rosacepi\\\/wp-content\\\/uploads\\\/sites\\\/37\\\/2016\\\/03\\\/servir-liturgie-960-50.jpg\",\"width\":958,\"height\":250},{\"@type\":\"BreadcrumbList\",\"@id\":\"https:\\\/\\\/bonnenouvelle.pro\\\/rosacepi\\\/paroisse\\\/infos-paroisse\\\/horaires-messes\\\/#breadcrumb\",\"itemListElement\":[{\"@type\":\"ListItem\",\"position\":1,\"name\":\"Paroisse\",\"item\":\"https:\\\/\\\/bonnenouvelle.pro\\\/rosacepi\\\/paroisse\\\/\"},{\"@type\":\"ListItem\",\"position\":2,\"name\":\"Infos pratiques\",\"item\":\"https:\\\/\\\/bonnenouvelle.pro\\\/rosacepi\\\/paroisse\\\/infos-paroisse\\\/\"},{\"@type\":\"ListItem\",\"position\":3,\"name\":\"Horaires de la paroisse\"}]},{\"@type\":\"WebSite\",\"@id\":\"https:\\\/\\\/bonnenouvelle.pro\\\/rosacepi\\\/#website\",\"url\":\"https:\\\/\\\/bonnenouvelle.pro\\\/rosacepi\\\/\",\"name\":\"Rosace Pack Initial\",\"description\":\"Mod\u00e8le de site WordPress Bonnenouvelle.fr\",\"potentialAction\":[{\"@type\":\"SearchAction\",\"target\":{\"@type\":\"EntryPoint\",\"urlTemplate\":\"https:\\\/\\\/bonnenouvelle.pro\\\/rosacepi\\\/?s={search_term_string}\"},\"query-input\":{\"@type\":\"PropertyValueSpecification\",\"valueRequired\":true,\"valueName\":\"search_term_string\"}}],\"inLanguage\":\"fr-FR\"}]}<\/script>\n<!-- \/ Yoast SEO plugin. -->","yoast_head_json":{"title":"Toutes les infos pratiques de la paroisse de : contacts, horaires des messes et d'accueil.","description":"Toutes les infos pratiques de la paroisse de : contacts, horaires des messes et d'accueil.","robots":{"index":"noindex","follow":"follow","max-snippet":"max-snippet:-1","max-image-preview":"max-image-preview:large","max-video-preview":"max-video-preview:-1"},"og_locale":"fr_FR","og_type":"article","og_title":"Toutes les infos pratiques de la paroisse de : contacts, horaires des messes et d'accueil.","og_description":"Toutes les infos pratiques de la paroisse de : contacts, horaires des messes et d'accueil.","og_url":"https:\/\/bonnenouvelle.pro\/rosacepi\/paroisse\/infos-paroisse\/horaires-messes\/","og_site_name":"Rosace Pack Initial","article_modified_time":"2020-08-21T09:00:13+00:00","og_image":[{"width":958,"height":250,"url":"https:\/\/i0.wp.com\/bonnenouvelle.pro\/rosacepi\/wp-content\/uploads\/sites\/37\/2016\/03\/servir-liturgie-960\u00d7250.jpg?fit=958%2C250&ssl=1","type":"image\/jpeg"}],"twitter_card":"summary_large_image","schema":{"@context":"https:\/\/schema.org","@graph":[{"@type":"WebPage","@id":"https:\/\/bonnenouvelle.pro\/rosacepi\/paroisse\/infos-paroisse\/horaires-messes\/","url":"https:\/\/bonnenouvelle.pro\/rosacepi\/paroisse\/infos-paroisse\/horaires-messes\/","name":"Toutes les infos pratiques de la paroisse de : contacts, horaires des messes et d'accueil.","isPartOf":{"@id":"https:\/\/bonnenouvelle.pro\/rosacepi\/#website"},"primaryImageOfPage":{"@id":"https:\/\/bonnenouvelle.pro\/rosacepi\/paroisse\/infos-paroisse\/horaires-messes\/#primaryimage"},"image":{"@id":"https:\/\/bonnenouvelle.pro\/rosacepi\/paroisse\/infos-paroisse\/horaires-messes\/#primaryimage"},"thumbnailUrl":"https:\/\/bonnenouvelle.pro\/rosacepi\/wp-content\/uploads\/sites\/37\/2016\/03\/servir-liturgie-960-50.jpg","datePublished":"2016-03-22T14:29:03+00:00","dateModified":"2020-08-21T09:00:13+00:00","description":"Toutes les infos pratiques de la paroisse de : contacts, horaires des messes et d'accueil.","breadcrumb":{"@id":"https:\/\/bonnenouvelle.pro\/rosacepi\/paroisse\/infos-paroisse\/horaires-messes\/#breadcrumb"},"inLanguage":"fr-FR","potentialAction":[{"@type":"ReadAction","target":["https:\/\/bonnenouvelle.pro\/rosacepi\/paroisse\/infos-paroisse\/horaires-messes\/"]}]},{"@type":"ImageObject","inLanguage":"fr-FR","@id":"https:\/\/bonnenouvelle.pro\/rosacepi\/paroisse\/infos-paroisse\/horaires-messes\/#primaryimage","url":"https:\/\/bonnenouvelle.pro\/rosacepi\/wp-content\/uploads\/sites\/37\/2016\/03\/servir-liturgie-960-50.jpg","contentUrl":"https:\/\/bonnenouvelle.pro\/rosacepi\/wp-content\/uploads\/sites\/37\/2016\/03\/servir-liturgie-960-50.jpg","width":958,"height":250},{"@type":"BreadcrumbList","@id":"https:\/\/bonnenouvelle.pro\/rosacepi\/paroisse\/infos-paroisse\/horaires-messes\/#breadcrumb","itemListElement":[{"@type":"ListItem","position":1,"name":"Paroisse","item":"https:\/\/bonnenouvelle.pro\/rosacepi\/paroisse\/"},{"@type":"ListItem","position":2,"name":"Infos pratiques","item":"https:\/\/bonnenouvelle.pro\/rosacepi\/paroisse\/infos-paroisse\/"},{"@type":"ListItem","position":3,"name":"Horaires de la paroisse"}]},{"@type":"WebSite","@id":"https:\/\/bonnenouvelle.pro\/rosacepi\/#website","url":"https:\/\/bonnenouvelle.pro\/rosacepi\/","name":"Rosace Pack Initial","description":"Mod\u00e8le de site WordPress Bonnenouvelle.fr","potentialAction":[{"@type":"SearchAction","target":{"@type":"EntryPoint","urlTemplate":"https:\/\/bonnenouvelle.pro\/rosacepi\/?s={search_term_string}"},"query-input":{"@type":"PropertyValueSpecification","valueRequired":true,"valueName":"search_term_string"}}],"inLanguage":"fr-FR"}]}},"_links":{"self":[{"href":"https:\/\/bonnenouvelle.pro\/rosacepi\/wp-json\/wp\/v2\/pages\/1836","targetHints":{"allow":["GET"]}}],"collection":[{"href":"https:\/\/bonnenouvelle.pro\/rosacepi\/wp-json\/wp\/v2\/pages"}],"about":[{"href":"https:\/\/bonnenouvelle.pro\/rosacepi\/wp-json\/wp\/v2\/types\/page"}],"author":[{"embeddable":true,"href":"https:\/\/bonnenouvelle.pro\/rosacepi\/wp-json\/wp\/v2\/users\/2"}],"replies":[{"embeddable":true,"href":"https:\/\/bonnenouvelle.pro\/rosacepi\/wp-json\/wp\/v2\/comments?post=1836"}],"version-history":[{"count":0,"href":"https:\/\/bonnenouvelle.pro\/rosacepi\/wp-json\/wp\/v2\/pages\/1836\/revisions"}],"up":[{"embeddable":true,"href":"https:\/\/bonnenouvelle.pro\/rosacepi\/wp-json\/wp\/v2\/pages\/1818"}],"wp:featuredmedia":[{"embeddable":true,"href":"https:\/\/bonnenouvelle.pro\/rosacepi\/wp-json\/wp\/v2\/media\/1786"}],"wp:attachment":[{"href":"https:\/\/bonnenouvelle.pro\/rosacepi\/wp-json\/wp\/v2\/media?parent=1836"}],"curies":[{"name":"wp","href":"https:\/\/api.w.org\/{rel}","templated":true}]}}