{"id":1779,"date":"2016-03-17T20:11:01","date_gmt":"2016-03-17T19:11:01","guid":{"rendered":"https:\/\/bonnenouvelle.pro\/rosacepi\/?page_id=1779"},"modified":"2019-01-14T16:25:25","modified_gmt":"2019-01-14T15:25:25","slug":"sacrements","status":"publish","type":"page","link":"https:\/\/bonnenouvelle.pro\/rosacepi\/vie-chretienne\/sacrements\/","title":{"rendered":"Etapes de la vie"},"content":{"rendered":"<h2>Photos de sacrements et \u00e9tapes de la vie chr\u00e9tienne<\/h2>\n<div id='gallery-1' class='gallery galleryid-1779 gallery-columns-3 gallery-size-resurrect-rect-large'><figure class='gallery-item'>\n\t\t\t<div class='gallery-icon landscape'>\n\t\t\t\t<a href='https:\/\/bonnenouvelle.pro\/rosacepi\/bapteme_960x250\/'><img loading=\"lazy\" decoding=\"async\" width=\"600\" height=\"410\" src=\"https:\/\/bonnenouvelle.pro\/rosacepi\/wp-content\/uploads\/sites\/37\/2016\/11\/1-bapteme_960x250-600x410.png\" class=\"attachment-resurrect-rect-large size-resurrect-rect-large\" alt=\"Premi\u00e8re communion catholique\" aria-describedby=\"gallery-1-2402\" srcset=\"https:\/\/bonnenouvelle.pro\/rosacepi\/wp-content\/uploads\/sites\/37\/2016\/11\/1-bapteme_960x250-600x410.png 600w, https:\/\/bonnenouvelle.pro\/rosacepi\/wp-content\/uploads\/sites\/37\/2016\/11\/1-bapteme_960x250-320x218.png 320w, https:\/\/bonnenouvelle.pro\/rosacepi\/wp-content\/uploads\/sites\/37\/2016\/11\/1-bapteme_960x250-220x150.png 220w\" sizes=\"auto, (max-width: 600px) 100vw, 600px\" \/><\/a>\n\t\t\t<\/div>\n\t\t\t\t<figcaption class='wp-caption-text gallery-caption' id='gallery-1-2402'>\n\t\t\t\tBapt\u00eame\n\t\t\t\t<\/figcaption><\/figure><figure class='gallery-item'>\n\t\t\t<div class='gallery-icon landscape'>\n\t\t\t\t<a href='https:\/\/bonnenouvelle.pro\/rosacepi\/premiere-communion-960x250\/'><img loading=\"lazy\" decoding=\"async\" width=\"600\" height=\"410\" src=\"https:\/\/bonnenouvelle.pro\/rosacepi\/wp-content\/uploads\/sites\/37\/2016\/11\/2-premiere-communion-960x250-600x410.jpg\" class=\"attachment-resurrect-rect-large size-resurrect-rect-large\" alt=\"Premi\u00e8re communion catholique\" aria-describedby=\"gallery-1-2407\" srcset=\"https:\/\/bonnenouvelle.pro\/rosacepi\/wp-content\/uploads\/sites\/37\/2016\/11\/2-premiere-communion-960x250-600x410.jpg 600w, https:\/\/bonnenouvelle.pro\/rosacepi\/wp-content\/uploads\/sites\/37\/2016\/11\/2-premiere-communion-960x250-320x218.jpg 320w, https:\/\/bonnenouvelle.pro\/rosacepi\/wp-content\/uploads\/sites\/37\/2016\/11\/2-premiere-communion-960x250-220x150.jpg 220w\" sizes=\"auto, (max-width: 600px) 100vw, 600px\" \/><\/a>\n\t\t\t<\/div>\n\t\t\t\t<figcaption class='wp-caption-text gallery-caption' id='gallery-1-2407'>\n\t\t\t\tPremi\u00e8re communion \n\t\t\t\t<\/figcaption><\/figure><figure class='gallery-item'>\n\t\t\t<div class='gallery-icon landscape'>\n\t\t\t\t<a href='https:\/\/bonnenouvelle.pro\/rosacepi\/confirmation-960x250\/'><img loading=\"lazy\" decoding=\"async\" width=\"600\" height=\"410\" src=\"https:\/\/bonnenouvelle.pro\/rosacepi\/wp-content\/uploads\/sites\/37\/2016\/11\/3-confirmation-960x250-600x410.png\" class=\"attachment-resurrect-rect-large size-resurrect-rect-large\" alt=\"Confirmation, onction du Saint-Chr\u00eame\" aria-describedby=\"gallery-1-2403\" srcset=\"https:\/\/bonnenouvelle.pro\/rosacepi\/wp-content\/uploads\/sites\/37\/2016\/11\/3-confirmation-960x250-600x410.png 600w, https:\/\/bonnenouvelle.pro\/rosacepi\/wp-content\/uploads\/sites\/37\/2016\/11\/3-confirmation-960x250-320x218.png 320w, https:\/\/bonnenouvelle.pro\/rosacepi\/wp-content\/uploads\/sites\/37\/2016\/11\/3-confirmation-960x250-220x150.png 220w\" sizes=\"auto, (max-width: 600px) 100vw, 600px\" \/><\/a>\n\t\t\t<\/div>\n\t\t\t\t<figcaption class='wp-caption-text gallery-caption' id='gallery-1-2403'>\n\t\t\t\tConfirmation\n\t\t\t\t<\/figcaption><\/figure><figure class='gallery-item'>\n\t\t\t<div class='gallery-icon landscape'>\n\t\t\t\t<a href='https:\/\/bonnenouvelle.pro\/rosacepi\/mariage2-960x250\/'><img loading=\"lazy\" decoding=\"async\" width=\"600\" height=\"410\" src=\"https:\/\/bonnenouvelle.pro\/rosacepi\/wp-content\/uploads\/sites\/37\/2016\/11\/4-mariage-960x250-600x410.jpeg\" class=\"attachment-resurrect-rect-large size-resurrect-rect-large\" alt=\"Mariage catholique : remise des alliances\" aria-describedby=\"gallery-1-2409\" srcset=\"https:\/\/bonnenouvelle.pro\/rosacepi\/wp-content\/uploads\/sites\/37\/2016\/11\/4-mariage-960x250-600x410.jpeg 600w, https:\/\/bonnenouvelle.pro\/rosacepi\/wp-content\/uploads\/sites\/37\/2016\/11\/4-mariage-960x250-320x218.jpeg 320w, https:\/\/bonnenouvelle.pro\/rosacepi\/wp-content\/uploads\/sites\/37\/2016\/11\/4-mariage-960x250-220x150.jpeg 220w\" sizes=\"auto, (max-width: 600px) 100vw, 600px\" \/><\/a>\n\t\t\t<\/div>\n\t\t\t\t<figcaption class='wp-caption-text gallery-caption' id='gallery-1-2409'>\n\t\t\t\tMariage : remise des alliances\n\t\t\t\t<\/figcaption><\/figure><figure class='gallery-item'>\n\t\t\t<div class='gallery-icon landscape'>\n\t\t\t\t<a href='https:\/\/bonnenouvelle.pro\/rosacepi\/malades-960x250\/'><img loading=\"lazy\" decoding=\"async\" width=\"600\" height=\"410\" src=\"https:\/\/bonnenouvelle.pro\/rosacepi\/wp-content\/uploads\/sites\/37\/2016\/11\/6-malades-960x250-600x410.jpg\" class=\"attachment-resurrect-rect-large size-resurrect-rect-large\" alt=\"Photo libre de droits Creative Commons Sacrement des malades : onction de l&#039;huile des malades\" aria-describedby=\"gallery-1-2405\" srcset=\"https:\/\/bonnenouvelle.pro\/rosacepi\/wp-content\/uploads\/sites\/37\/2016\/11\/6-malades-960x250-600x410.jpg 600w, https:\/\/bonnenouvelle.pro\/rosacepi\/wp-content\/uploads\/sites\/37\/2016\/11\/6-malades-960x250-320x218.jpg 320w, https:\/\/bonnenouvelle.pro\/rosacepi\/wp-content\/uploads\/sites\/37\/2016\/11\/6-malades-960x250-220x150.jpg 220w\" sizes=\"auto, (max-width: 600px) 100vw, 600px\" \/><\/a>\n\t\t\t<\/div>\n\t\t\t\t<figcaption class='wp-caption-text gallery-caption' id='gallery-1-2405'>\n\t\t\t\tSacrement des malades : onction de l&rsquo;huile des malades\n\t\t\t\t<\/figcaption><\/figure><figure class='gallery-item'>\n\t\t\t<div class='gallery-icon landscape'>\n\t\t\t\t<a href='https:\/\/bonnenouvelle.pro\/rosacepi\/ordination-760x250\/'><img loading=\"lazy\" decoding=\"async\" width=\"600\" height=\"410\" src=\"https:\/\/bonnenouvelle.pro\/rosacepi\/wp-content\/uploads\/sites\/37\/2016\/11\/5-ordination-760x250-600x410.jpg\" class=\"attachment-resurrect-rect-large size-resurrect-rect-large\" alt=\"Ordination d&#039;un pr\u00eatre dans le rite catholique romain\" aria-describedby=\"gallery-1-2444\" srcset=\"https:\/\/bonnenouvelle.pro\/rosacepi\/wp-content\/uploads\/sites\/37\/2016\/11\/5-ordination-760x250-600x410.jpg 600w, https:\/\/bonnenouvelle.pro\/rosacepi\/wp-content\/uploads\/sites\/37\/2016\/11\/5-ordination-760x250-320x218.jpg 320w, https:\/\/bonnenouvelle.pro\/rosacepi\/wp-content\/uploads\/sites\/37\/2016\/11\/5-ordination-760x250-220x150.jpg 220w\" sizes=\"auto, (max-width: 600px) 100vw, 600px\" \/><\/a>\n\t\t\t<\/div>\n\t\t\t\t<figcaption class='wp-caption-text gallery-caption' id='gallery-1-2444'>\n\t\t\t\tOrdination d&rsquo;un pr\u00eatre\n\t\t\t\t<\/figcaption><\/figure><figure class='gallery-item'>\n\t\t\t<div class='gallery-icon landscape'>\n\t\t\t\t<a href='https:\/\/bonnenouvelle.pro\/rosacepi\/mariage_960x250\/'><img loading=\"lazy\" decoding=\"async\" width=\"600\" height=\"410\" src=\"https:\/\/bonnenouvelle.pro\/rosacepi\/wp-content\/uploads\/sites\/37\/2016\/11\/mariage_960x250-600x410.png\" class=\"attachment-resurrect-rect-large size-resurrect-rect-large\" alt=\"Photo libre de droit de mariage : sortie de messe\" aria-describedby=\"gallery-1-2408\" srcset=\"https:\/\/bonnenouvelle.pro\/rosacepi\/wp-content\/uploads\/sites\/37\/2016\/11\/mariage_960x250-600x410.png 600w, https:\/\/bonnenouvelle.pro\/rosacepi\/wp-content\/uploads\/sites\/37\/2016\/11\/mariage_960x250-320x218.png 320w, https:\/\/bonnenouvelle.pro\/rosacepi\/wp-content\/uploads\/sites\/37\/2016\/11\/mariage_960x250-220x150.png 220w\" sizes=\"auto, (max-width: 600px) 100vw, 600px\" \/><\/a>\n\t\t\t<\/div>\n\t\t\t\t<figcaption class='wp-caption-text gallery-caption' id='gallery-1-2408'>\n\t\t\t\tMariage  : sortie de messe\n\t\t\t\t<\/figcaption><\/figure><figure class='gallery-item'>\n\t\t\t<div class='gallery-icon landscape'>\n\t\t\t\t<a href='https:\/\/bonnenouvelle.pro\/rosacepi\/funerailles_960x250\/'><img loading=\"lazy\" decoding=\"async\" width=\"600\" height=\"410\" src=\"https:\/\/bonnenouvelle.pro\/rosacepi\/wp-content\/uploads\/sites\/37\/2016\/11\/funerailles_960x250-600x410.png\" class=\"attachment-resurrect-rect-large size-resurrect-rect-large\" alt=\"Cimeti\u00e8re catholique\" aria-describedby=\"gallery-1-2404\" srcset=\"https:\/\/bonnenouvelle.pro\/rosacepi\/wp-content\/uploads\/sites\/37\/2016\/11\/funerailles_960x250-600x410.png 600w, https:\/\/bonnenouvelle.pro\/rosacepi\/wp-content\/uploads\/sites\/37\/2016\/11\/funerailles_960x250-320x218.png 320w, https:\/\/bonnenouvelle.pro\/rosacepi\/wp-content\/uploads\/sites\/37\/2016\/11\/funerailles_960x250-220x150.png 220w\" sizes=\"auto, (max-width: 600px) 100vw, 600px\" \/><\/a>\n\t\t\t<\/div>\n\t\t\t\t<figcaption class='wp-caption-text gallery-caption' id='gallery-1-2404'>\n\t\t\t\tFun\u00e9railles \n\t\t\t\t<\/figcaption><\/figure><figure class='gallery-item'>\n\t\t\t<div class='gallery-icon landscape'>\n\t\t\t\t<a href='https:\/\/bonnenouvelle.pro\/rosacepi\/sacrements_960x250\/'><img loading=\"lazy\" decoding=\"async\" width=\"600\" height=\"410\" src=\"https:\/\/bonnenouvelle.pro\/rosacepi\/wp-content\/uploads\/sites\/37\/2016\/11\/sacrements_960x250-600x410.png\" class=\"attachment-resurrect-rect-large size-resurrect-rect-large\" alt=\"Sacrements de l&#039;Eglise catholique\" aria-describedby=\"gallery-1-2406\" srcset=\"https:\/\/bonnenouvelle.pro\/rosacepi\/wp-content\/uploads\/sites\/37\/2016\/11\/sacrements_960x250-600x410.png 600w, https:\/\/bonnenouvelle.pro\/rosacepi\/wp-content\/uploads\/sites\/37\/2016\/11\/sacrements_960x250-320x218.png 320w, https:\/\/bonnenouvelle.pro\/rosacepi\/wp-content\/uploads\/sites\/37\/2016\/11\/sacrements_960x250-220x150.png 220w\" sizes=\"auto, (max-width: 600px) 100vw, 600px\" \/><\/a>\n\t\t\t<\/div>\n\t\t\t\t<figcaption class='wp-caption-text gallery-caption' id='gallery-1-2406'>\n\t\t\t\tSacrements\n\t\t\t\t<\/figcaption><\/figure>\n\t\t<\/div>\n\n","protected":false},"excerpt":{"rendered":"<p>Photos de sacrements et \u00e9tapes de la vie chr\u00e9tienne<\/p>\n","protected":false},"author":2,"featured_media":2406,"parent":1170,"menu_order":2,"comment_status":"open","ping_status":"closed","template":"page-templates\/child-pages.php","meta":{"footnotes":""},"class_list":["post-1779","page","type-page","status-publish","has-post-thumbnail","hentry","ctfw-has-image"],"yoast_head":"<!-- This site is optimized with the Yoast SEO plugin v27.5 - https:\/\/yoast.com\/product\/yoast-seo-wordpress\/ -->\n<title>Etapes de la vie chr\u00e9tienne et pr\u00e9paration aux sacrements dans la paroisse de<\/title>\n<meta name=\"description\" content=\"Photos de sacrements et \u00e9tapes de la vie chr\u00e9tienne\" \/>\n<meta name=\"robots\" content=\"noindex, follow, max-snippet:-1, max-image-preview:large, max-video-preview:-1\" \/>\n<meta property=\"og:locale\" content=\"fr_FR\" \/>\n<meta property=\"og:type\" content=\"article\" \/>\n<meta property=\"og:title\" content=\"Etapes de la vie chr\u00e9tienne et pr\u00e9paration aux sacrements dans la paroisse de\" \/>\n<meta property=\"og:description\" content=\"Photos de sacrements et \u00e9tapes de la vie chr\u00e9tienne\" \/>\n<meta property=\"og:url\" content=\"https:\/\/bonnenouvelle.pro\/rosacepi\/vie-chretienne\/sacrements\/\" \/>\n<meta property=\"og:site_name\" content=\"Rosace Pack Initial\" \/>\n<meta property=\"article:modified_time\" content=\"2019-01-14T15:25:25+00:00\" \/>\n<meta property=\"og:image\" content=\"https:\/\/i0.wp.com\/bonnenouvelle.pro\/rosacepi\/wp-content\/uploads\/sites\/37\/2016\/11\/sacrements_960x250.png?fit=960%2C250&ssl=1\" \/>\n\t<meta property=\"og:image:width\" content=\"960\" \/>\n\t<meta property=\"og:image:height\" content=\"250\" \/>\n\t<meta property=\"og:image:type\" content=\"image\/png\" \/>\n<meta name=\"twitter:card\" content=\"summary_large_image\" \/>\n<script type=\"application\/ld+json\" class=\"yoast-schema-graph\">{\"@context\":\"https:\\\/\\\/schema.org\",\"@graph\":[{\"@type\":\"WebPage\",\"@id\":\"https:\\\/\\\/bonnenouvelle.pro\\\/rosacepi\\\/vie-chretienne\\\/sacrements\\\/\",\"url\":\"https:\\\/\\\/bonnenouvelle.pro\\\/rosacepi\\\/vie-chretienne\\\/sacrements\\\/\",\"name\":\"Etapes de la vie chr\u00e9tienne et pr\u00e9paration aux sacrements dans la paroisse de\",\"isPartOf\":{\"@id\":\"https:\\\/\\\/bonnenouvelle.pro\\\/rosacepi\\\/#website\"},\"primaryImageOfPage\":{\"@id\":\"https:\\\/\\\/bonnenouvelle.pro\\\/rosacepi\\\/vie-chretienne\\\/sacrements\\\/#primaryimage\"},\"image\":{\"@id\":\"https:\\\/\\\/bonnenouvelle.pro\\\/rosacepi\\\/vie-chretienne\\\/sacrements\\\/#primaryimage\"},\"thumbnailUrl\":\"https:\\\/\\\/bonnenouvelle.pro\\\/rosacepi\\\/wp-content\\\/uploads\\\/sites\\\/37\\\/2016\\\/11\\\/sacrements_960x250.png\",\"datePublished\":\"2016-03-17T19:11:01+00:00\",\"dateModified\":\"2019-01-14T15:25:25+00:00\",\"description\":\"Photos de sacrements et \u00e9tapes de la vie chr\u00e9tienne\",\"breadcrumb\":{\"@id\":\"https:\\\/\\\/bonnenouvelle.pro\\\/rosacepi\\\/vie-chretienne\\\/sacrements\\\/#breadcrumb\"},\"inLanguage\":\"fr-FR\",\"potentialAction\":[{\"@type\":\"ReadAction\",\"target\":[\"https:\\\/\\\/bonnenouvelle.pro\\\/rosacepi\\\/vie-chretienne\\\/sacrements\\\/\"]}]},{\"@type\":\"ImageObject\",\"inLanguage\":\"fr-FR\",\"@id\":\"https:\\\/\\\/bonnenouvelle.pro\\\/rosacepi\\\/vie-chretienne\\\/sacrements\\\/#primaryimage\",\"url\":\"https:\\\/\\\/bonnenouvelle.pro\\\/rosacepi\\\/wp-content\\\/uploads\\\/sites\\\/37\\\/2016\\\/11\\\/sacrements_960x250.png\",\"contentUrl\":\"https:\\\/\\\/bonnenouvelle.pro\\\/rosacepi\\\/wp-content\\\/uploads\\\/sites\\\/37\\\/2016\\\/11\\\/sacrements_960x250.png\",\"width\":960,\"height\":250,\"caption\":\"Sacrements\"},{\"@type\":\"BreadcrumbList\",\"@id\":\"https:\\\/\\\/bonnenouvelle.pro\\\/rosacepi\\\/vie-chretienne\\\/sacrements\\\/#breadcrumb\",\"itemListElement\":[{\"@type\":\"ListItem\",\"position\":1,\"name\":\"Vie chr\u00e9tienne\",\"item\":\"https:\\\/\\\/bonnenouvelle.pro\\\/rosacepi\\\/vie-chretienne\\\/\"},{\"@type\":\"ListItem\",\"position\":2,\"name\":\"Etapes de la vie\"}]},{\"@type\":\"WebSite\",\"@id\":\"https:\\\/\\\/bonnenouvelle.pro\\\/rosacepi\\\/#website\",\"url\":\"https:\\\/\\\/bonnenouvelle.pro\\\/rosacepi\\\/\",\"name\":\"Rosace Pack Initial\",\"description\":\"Mod\u00e8le de site WordPress Bonnenouvelle.fr\",\"potentialAction\":[{\"@type\":\"SearchAction\",\"target\":{\"@type\":\"EntryPoint\",\"urlTemplate\":\"https:\\\/\\\/bonnenouvelle.pro\\\/rosacepi\\\/?s={search_term_string}\"},\"query-input\":{\"@type\":\"PropertyValueSpecification\",\"valueRequired\":true,\"valueName\":\"search_term_string\"}}],\"inLanguage\":\"fr-FR\"}]}<\/script>\n<!-- \/ Yoast SEO plugin. -->","yoast_head_json":{"title":"Etapes de la vie chr\u00e9tienne et pr\u00e9paration aux sacrements dans la paroisse de","description":"Photos de sacrements et \u00e9tapes de la vie chr\u00e9tienne","robots":{"index":"noindex","follow":"follow","max-snippet":"max-snippet:-1","max-image-preview":"max-image-preview:large","max-video-preview":"max-video-preview:-1"},"og_locale":"fr_FR","og_type":"article","og_title":"Etapes de la vie chr\u00e9tienne et pr\u00e9paration aux sacrements dans la paroisse de","og_description":"Photos de sacrements et \u00e9tapes de la vie chr\u00e9tienne","og_url":"https:\/\/bonnenouvelle.pro\/rosacepi\/vie-chretienne\/sacrements\/","og_site_name":"Rosace Pack Initial","article_modified_time":"2019-01-14T15:25:25+00:00","og_image":[{"width":960,"height":250,"url":"https:\/\/i0.wp.com\/bonnenouvelle.pro\/rosacepi\/wp-content\/uploads\/sites\/37\/2016\/11\/sacrements_960x250.png?fit=960%2C250&ssl=1","type":"image\/png"}],"twitter_card":"summary_large_image","schema":{"@context":"https:\/\/schema.org","@graph":[{"@type":"WebPage","@id":"https:\/\/bonnenouvelle.pro\/rosacepi\/vie-chretienne\/sacrements\/","url":"https:\/\/bonnenouvelle.pro\/rosacepi\/vie-chretienne\/sacrements\/","name":"Etapes de la vie chr\u00e9tienne et pr\u00e9paration aux sacrements dans la paroisse de","isPartOf":{"@id":"https:\/\/bonnenouvelle.pro\/rosacepi\/#website"},"primaryImageOfPage":{"@id":"https:\/\/bonnenouvelle.pro\/rosacepi\/vie-chretienne\/sacrements\/#primaryimage"},"image":{"@id":"https:\/\/bonnenouvelle.pro\/rosacepi\/vie-chretienne\/sacrements\/#primaryimage"},"thumbnailUrl":"https:\/\/bonnenouvelle.pro\/rosacepi\/wp-content\/uploads\/sites\/37\/2016\/11\/sacrements_960x250.png","datePublished":"2016-03-17T19:11:01+00:00","dateModified":"2019-01-14T15:25:25+00:00","description":"Photos de sacrements et \u00e9tapes de la vie chr\u00e9tienne","breadcrumb":{"@id":"https:\/\/bonnenouvelle.pro\/rosacepi\/vie-chretienne\/sacrements\/#breadcrumb"},"inLanguage":"fr-FR","potentialAction":[{"@type":"ReadAction","target":["https:\/\/bonnenouvelle.pro\/rosacepi\/vie-chretienne\/sacrements\/"]}]},{"@type":"ImageObject","inLanguage":"fr-FR","@id":"https:\/\/bonnenouvelle.pro\/rosacepi\/vie-chretienne\/sacrements\/#primaryimage","url":"https:\/\/bonnenouvelle.pro\/rosacepi\/wp-content\/uploads\/sites\/37\/2016\/11\/sacrements_960x250.png","contentUrl":"https:\/\/bonnenouvelle.pro\/rosacepi\/wp-content\/uploads\/sites\/37\/2016\/11\/sacrements_960x250.png","width":960,"height":250,"caption":"Sacrements"},{"@type":"BreadcrumbList","@id":"https:\/\/bonnenouvelle.pro\/rosacepi\/vie-chretienne\/sacrements\/#breadcrumb","itemListElement":[{"@type":"ListItem","position":1,"name":"Vie chr\u00e9tienne","item":"https:\/\/bonnenouvelle.pro\/rosacepi\/vie-chretienne\/"},{"@type":"ListItem","position":2,"name":"Etapes de la vie"}]},{"@type":"WebSite","@id":"https:\/\/bonnenouvelle.pro\/rosacepi\/#website","url":"https:\/\/bonnenouvelle.pro\/rosacepi\/","name":"Rosace Pack Initial","description":"Mod\u00e8le de site WordPress Bonnenouvelle.fr","potentialAction":[{"@type":"SearchAction","target":{"@type":"EntryPoint","urlTemplate":"https:\/\/bonnenouvelle.pro\/rosacepi\/?s={search_term_string}"},"query-input":{"@type":"PropertyValueSpecification","valueRequired":true,"valueName":"search_term_string"}}],"inLanguage":"fr-FR"}]}},"_links":{"self":[{"href":"https:\/\/bonnenouvelle.pro\/rosacepi\/wp-json\/wp\/v2\/pages\/1779","targetHints":{"allow":["GET"]}}],"collection":[{"href":"https:\/\/bonnenouvelle.pro\/rosacepi\/wp-json\/wp\/v2\/pages"}],"about":[{"href":"https:\/\/bonnenouvelle.pro\/rosacepi\/wp-json\/wp\/v2\/types\/page"}],"author":[{"embeddable":true,"href":"https:\/\/bonnenouvelle.pro\/rosacepi\/wp-json\/wp\/v2\/users\/2"}],"replies":[{"embeddable":true,"href":"https:\/\/bonnenouvelle.pro\/rosacepi\/wp-json\/wp\/v2\/comments?post=1779"}],"version-history":[{"count":0,"href":"https:\/\/bonnenouvelle.pro\/rosacepi\/wp-json\/wp\/v2\/pages\/1779\/revisions"}],"up":[{"embeddable":true,"href":"https:\/\/bonnenouvelle.pro\/rosacepi\/wp-json\/wp\/v2\/pages\/1170"}],"wp:featuredmedia":[{"embeddable":true,"href":"https:\/\/bonnenouvelle.pro\/rosacepi\/wp-json\/wp\/v2\/media\/2406"}],"wp:attachment":[{"href":"https:\/\/bonnenouvelle.pro\/rosacepi\/wp-json\/wp\/v2\/media?parent=1779"}],"curies":[{"name":"wp","href":"https:\/\/api.w.org\/{rel}","templated":true}]}}