{"id":16,"date":"2013-06-11T20:00:24","date_gmt":"2013-06-11T18:00:24","guid":{"rendered":"http:\/\/site-de-paroisse.fr\/wp\/?page_id=16"},"modified":"2020-03-24T11:58:56","modified_gmt":"2020-03-24T10:58:56","slug":"evenements-marquants","status":"publish","type":"page","link":"https:\/\/bonnenouvelle.pro\/rosacepi\/actualites\/rendez-vous\/evenements-marquants\/","title":{"rendered":"\u00c9v\u00e9nements marquants"},"content":{"rendered":"<h4>Les \u00e9v\u00e8nements fondateurs et temps forts de la paroisse.<em><br \/>\n<\/em><\/h4>\n","protected":false},"excerpt":{"rendered":"<p>Les \u00e9v\u00e8nements fondateurs et temps forts de la paroisse.<\/p>\n","protected":false},"author":2,"featured_media":2421,"parent":1131,"menu_order":2,"comment_status":"open","ping_status":"closed","template":"page-templates\/events-past.php","meta":{"footnotes":""},"class_list":["post-16","page","type-page","status-publish","has-post-thumbnail","hentry","ctfw-has-image"],"yoast_head":"<!-- This site is optimized with the Yoast SEO plugin v27.3 - https:\/\/yoast.com\/product\/yoast-seo-wordpress\/ -->\n<title>\u00c9v\u00e9nements marquants<\/title>\n<meta name=\"description\" content=\"Les \u00e9v\u00e8nements fondateurs et temps forts de la paroisse.\" \/>\n<meta name=\"robots\" content=\"noindex, follow, max-snippet:-1, max-image-preview:large, max-video-preview:-1\" \/>\n<meta property=\"og:locale\" content=\"fr_FR\" \/>\n<meta property=\"og:type\" content=\"article\" \/>\n<meta property=\"og:title\" content=\"\u00c9v\u00e9nements marquants\" \/>\n<meta property=\"og:description\" content=\"Les \u00e9v\u00e8nements fondateurs et temps forts de la paroisse.\" \/>\n<meta property=\"og:url\" content=\"https:\/\/bonnenouvelle.pro\/rosacepi\/actualites\/rendez-vous\/evenements-marquants\/\" \/>\n<meta property=\"og:site_name\" content=\"Rosace Pack Initial\" \/>\n<meta property=\"article:modified_time\" content=\"2020-03-24T10:58:56+00:00\" \/>\n<meta property=\"og:image\" content=\"https:\/\/i0.wp.com\/bonnenouvelle.pro\/rosacepi\/wp-content\/uploads\/sites\/37\/2016\/11\/pourtous-960x250.png?fit=960%2C250&ssl=1\" \/>\n\t<meta property=\"og:image:width\" content=\"960\" \/>\n\t<meta property=\"og:image:height\" content=\"250\" \/>\n\t<meta property=\"og:image:type\" content=\"image\/png\" \/>\n<meta name=\"twitter:card\" content=\"summary_large_image\" \/>\n<script type=\"application\/ld+json\" class=\"yoast-schema-graph\">{\"@context\":\"https:\\\/\\\/schema.org\",\"@graph\":[{\"@type\":\"WebPage\",\"@id\":\"https:\\\/\\\/bonnenouvelle.pro\\\/rosacepi\\\/actualites\\\/rendez-vous\\\/evenements-marquants\\\/\",\"url\":\"https:\\\/\\\/bonnenouvelle.pro\\\/rosacepi\\\/actualites\\\/rendez-vous\\\/evenements-marquants\\\/\",\"name\":\"\u00c9v\u00e9nements marquants\",\"isPartOf\":{\"@id\":\"https:\\\/\\\/bonnenouvelle.pro\\\/rosacepi\\\/#website\"},\"primaryImageOfPage\":{\"@id\":\"https:\\\/\\\/bonnenouvelle.pro\\\/rosacepi\\\/actualites\\\/rendez-vous\\\/evenements-marquants\\\/#primaryimage\"},\"image\":{\"@id\":\"https:\\\/\\\/bonnenouvelle.pro\\\/rosacepi\\\/actualites\\\/rendez-vous\\\/evenements-marquants\\\/#primaryimage\"},\"thumbnailUrl\":\"https:\\\/\\\/bonnenouvelle.pro\\\/rosacepi\\\/wp-content\\\/uploads\\\/sites\\\/37\\\/2016\\\/11\\\/pourtous-960x250.png\",\"datePublished\":\"2013-06-11T18:00:24+00:00\",\"dateModified\":\"2020-03-24T10:58:56+00:00\",\"description\":\"Les \u00e9v\u00e8nements fondateurs et temps forts de la paroisse.\",\"breadcrumb\":{\"@id\":\"https:\\\/\\\/bonnenouvelle.pro\\\/rosacepi\\\/actualites\\\/rendez-vous\\\/evenements-marquants\\\/#breadcrumb\"},\"inLanguage\":\"fr-FR\",\"potentialAction\":[{\"@type\":\"ReadAction\",\"target\":[\"https:\\\/\\\/bonnenouvelle.pro\\\/rosacepi\\\/actualites\\\/rendez-vous\\\/evenements-marquants\\\/\"]}]},{\"@type\":\"ImageObject\",\"inLanguage\":\"fr-FR\",\"@id\":\"https:\\\/\\\/bonnenouvelle.pro\\\/rosacepi\\\/actualites\\\/rendez-vous\\\/evenements-marquants\\\/#primaryimage\",\"url\":\"https:\\\/\\\/bonnenouvelle.pro\\\/rosacepi\\\/wp-content\\\/uploads\\\/sites\\\/37\\\/2016\\\/11\\\/pourtous-960x250.png\",\"contentUrl\":\"https:\\\/\\\/bonnenouvelle.pro\\\/rosacepi\\\/wp-content\\\/uploads\\\/sites\\\/37\\\/2016\\\/11\\\/pourtous-960x250.png\",\"width\":960,\"height\":250},{\"@type\":\"BreadcrumbList\",\"@id\":\"https:\\\/\\\/bonnenouvelle.pro\\\/rosacepi\\\/actualites\\\/rendez-vous\\\/evenements-marquants\\\/#breadcrumb\",\"itemListElement\":[{\"@type\":\"ListItem\",\"position\":1,\"name\":\"Actualit\u00e9s\",\"item\":\"https:\\\/\\\/bonnenouvelle.pro\\\/rosacepi\\\/actualites\\\/\"},{\"@type\":\"ListItem\",\"position\":2,\"name\":\"Ev\u00e8nements\",\"item\":\"https:\\\/\\\/bonnenouvelle.pro\\\/rosacepi\\\/actualites\\\/rendez-vous\\\/\"},{\"@type\":\"ListItem\",\"position\":3,\"name\":\"\u00c9v\u00e9nements marquants\"}]},{\"@type\":\"WebSite\",\"@id\":\"https:\\\/\\\/bonnenouvelle.pro\\\/rosacepi\\\/#website\",\"url\":\"https:\\\/\\\/bonnenouvelle.pro\\\/rosacepi\\\/\",\"name\":\"Rosace Pack Initial\",\"description\":\"Mod\u00e8le de site WordPress Bonnenouvelle.fr\",\"potentialAction\":[{\"@type\":\"SearchAction\",\"target\":{\"@type\":\"EntryPoint\",\"urlTemplate\":\"https:\\\/\\\/bonnenouvelle.pro\\\/rosacepi\\\/?s={search_term_string}\"},\"query-input\":{\"@type\":\"PropertyValueSpecification\",\"valueRequired\":true,\"valueName\":\"search_term_string\"}}],\"inLanguage\":\"fr-FR\"}]}<\/script>\n<!-- \/ Yoast SEO plugin. -->","yoast_head_json":{"title":"\u00c9v\u00e9nements marquants","description":"Les \u00e9v\u00e8nements fondateurs et temps forts de la paroisse.","robots":{"index":"noindex","follow":"follow","max-snippet":"max-snippet:-1","max-image-preview":"max-image-preview:large","max-video-preview":"max-video-preview:-1"},"og_locale":"fr_FR","og_type":"article","og_title":"\u00c9v\u00e9nements marquants","og_description":"Les \u00e9v\u00e8nements fondateurs et temps forts de la paroisse.","og_url":"https:\/\/bonnenouvelle.pro\/rosacepi\/actualites\/rendez-vous\/evenements-marquants\/","og_site_name":"Rosace Pack Initial","article_modified_time":"2020-03-24T10:58:56+00:00","og_image":[{"width":960,"height":250,"url":"https:\/\/i0.wp.com\/bonnenouvelle.pro\/rosacepi\/wp-content\/uploads\/sites\/37\/2016\/11\/pourtous-960x250.png?fit=960%2C250&ssl=1","type":"image\/png"}],"twitter_card":"summary_large_image","schema":{"@context":"https:\/\/schema.org","@graph":[{"@type":"WebPage","@id":"https:\/\/bonnenouvelle.pro\/rosacepi\/actualites\/rendez-vous\/evenements-marquants\/","url":"https:\/\/bonnenouvelle.pro\/rosacepi\/actualites\/rendez-vous\/evenements-marquants\/","name":"\u00c9v\u00e9nements marquants","isPartOf":{"@id":"https:\/\/bonnenouvelle.pro\/rosacepi\/#website"},"primaryImageOfPage":{"@id":"https:\/\/bonnenouvelle.pro\/rosacepi\/actualites\/rendez-vous\/evenements-marquants\/#primaryimage"},"image":{"@id":"https:\/\/bonnenouvelle.pro\/rosacepi\/actualites\/rendez-vous\/evenements-marquants\/#primaryimage"},"thumbnailUrl":"https:\/\/bonnenouvelle.pro\/rosacepi\/wp-content\/uploads\/sites\/37\/2016\/11\/pourtous-960x250.png","datePublished":"2013-06-11T18:00:24+00:00","dateModified":"2020-03-24T10:58:56+00:00","description":"Les \u00e9v\u00e8nements fondateurs et temps forts de la paroisse.","breadcrumb":{"@id":"https:\/\/bonnenouvelle.pro\/rosacepi\/actualites\/rendez-vous\/evenements-marquants\/#breadcrumb"},"inLanguage":"fr-FR","potentialAction":[{"@type":"ReadAction","target":["https:\/\/bonnenouvelle.pro\/rosacepi\/actualites\/rendez-vous\/evenements-marquants\/"]}]},{"@type":"ImageObject","inLanguage":"fr-FR","@id":"https:\/\/bonnenouvelle.pro\/rosacepi\/actualites\/rendez-vous\/evenements-marquants\/#primaryimage","url":"https:\/\/bonnenouvelle.pro\/rosacepi\/wp-content\/uploads\/sites\/37\/2016\/11\/pourtous-960x250.png","contentUrl":"https:\/\/bonnenouvelle.pro\/rosacepi\/wp-content\/uploads\/sites\/37\/2016\/11\/pourtous-960x250.png","width":960,"height":250},{"@type":"BreadcrumbList","@id":"https:\/\/bonnenouvelle.pro\/rosacepi\/actualites\/rendez-vous\/evenements-marquants\/#breadcrumb","itemListElement":[{"@type":"ListItem","position":1,"name":"Actualit\u00e9s","item":"https:\/\/bonnenouvelle.pro\/rosacepi\/actualites\/"},{"@type":"ListItem","position":2,"name":"Ev\u00e8nements","item":"https:\/\/bonnenouvelle.pro\/rosacepi\/actualites\/rendez-vous\/"},{"@type":"ListItem","position":3,"name":"\u00c9v\u00e9nements marquants"}]},{"@type":"WebSite","@id":"https:\/\/bonnenouvelle.pro\/rosacepi\/#website","url":"https:\/\/bonnenouvelle.pro\/rosacepi\/","name":"Rosace Pack Initial","description":"Mod\u00e8le de site WordPress Bonnenouvelle.fr","potentialAction":[{"@type":"SearchAction","target":{"@type":"EntryPoint","urlTemplate":"https:\/\/bonnenouvelle.pro\/rosacepi\/?s={search_term_string}"},"query-input":{"@type":"PropertyValueSpecification","valueRequired":true,"valueName":"search_term_string"}}],"inLanguage":"fr-FR"}]}},"_links":{"self":[{"href":"https:\/\/bonnenouvelle.pro\/rosacepi\/wp-json\/wp\/v2\/pages\/16","targetHints":{"allow":["GET"]}}],"collection":[{"href":"https:\/\/bonnenouvelle.pro\/rosacepi\/wp-json\/wp\/v2\/pages"}],"about":[{"href":"https:\/\/bonnenouvelle.pro\/rosacepi\/wp-json\/wp\/v2\/types\/page"}],"author":[{"embeddable":true,"href":"https:\/\/bonnenouvelle.pro\/rosacepi\/wp-json\/wp\/v2\/users\/2"}],"replies":[{"embeddable":true,"href":"https:\/\/bonnenouvelle.pro\/rosacepi\/wp-json\/wp\/v2\/comments?post=16"}],"version-history":[{"count":0,"href":"https:\/\/bonnenouvelle.pro\/rosacepi\/wp-json\/wp\/v2\/pages\/16\/revisions"}],"up":[{"embeddable":true,"href":"https:\/\/bonnenouvelle.pro\/rosacepi\/wp-json\/wp\/v2\/pages\/1131"}],"wp:featuredmedia":[{"embeddable":true,"href":"https:\/\/bonnenouvelle.pro\/rosacepi\/wp-json\/wp\/v2\/media\/2421"}],"wp:attachment":[{"href":"https:\/\/bonnenouvelle.pro\/rosacepi\/wp-json\/wp\/v2\/media?parent=16"}],"curies":[{"name":"wp","href":"https:\/\/api.w.org\/{rel}","templated":true}]}}