{"id":10,"date":"2013-06-11T19:49:26","date_gmt":"2013-06-11T17:49:26","guid":{"rendered":"http:\/\/site-de-paroisse.fr\/wp\/?page_id=10"},"modified":"2017-05-24T14:32:27","modified_gmt":"2017-05-24T12:32:27","slug":"modele-site-paroisse","status":"publish","type":"page","link":"https:\/\/bonnenouvelle.pro\/rosacepi\/","title":{"rendered":"Bienvenue \u00e0 la paroisse Sainte-Madeleine"},"content":{"rendered":"<blockquote><p>Ouvrez la porte de vos vies \u00e0 la nouveaut\u00e9 de Dieu<\/p><\/blockquote>\n<p style=\"text-align: right;\">Pape Fran\u00e7ois<\/p>\n","protected":false},"excerpt":{"rendered":"<p>Ouvrez la porte de vos vies \u00e0 la nouveaut\u00e9 de Dieu Pape Fran\u00e7ois<\/p>\n","protected":false},"author":2,"featured_media":0,"parent":0,"menu_order":8,"comment_status":"open","ping_status":"closed","template":"page-templates\/homepage.php","meta":{"footnotes":""},"class_list":["post-10","page","type-page","status-publish","hentry","ctfw-no-image"],"yoast_head":"<!-- This site is optimized with the Yoast SEO plugin v27.5 - https:\/\/yoast.com\/product\/yoast-seo-wordpress\/ -->\n<title>Paroisse de XX \u00e0 XX<\/title>\n<meta name=\"description\" content=\"Ouvrez la porte de vos vies \u00e0 la nouveaut\u00e9 de Dieu Pape Fran\u00e7ois\" \/>\n<meta name=\"robots\" content=\"noindex, follow, max-snippet:-1, max-image-preview:large, max-video-preview:-1\" \/>\n<meta property=\"og:locale\" content=\"fr_FR\" \/>\n<meta property=\"og:type\" content=\"article\" \/>\n<meta property=\"og:title\" content=\"Paroisse de XX \u00e0 XX\" \/>\n<meta property=\"og:description\" content=\"Ouvrez la porte de vos vies \u00e0 la nouveaut\u00e9 de Dieu Pape Fran\u00e7ois\" \/>\n<meta property=\"og:url\" content=\"https:\/\/bonnenouvelle.pro\/rosacepi\/\" \/>\n<meta property=\"og:site_name\" content=\"Rosace Pack Initial\" \/>\n<meta property=\"article:modified_time\" content=\"2017-05-24T12:32:27+00:00\" \/>\n<meta name=\"twitter:card\" content=\"summary_large_image\" \/>\n<script type=\"application\/ld+json\" class=\"yoast-schema-graph\">{\"@context\":\"https:\\\/\\\/schema.org\",\"@graph\":[{\"@type\":\"WebPage\",\"@id\":\"https:\\\/\\\/bonnenouvelle.pro\\\/rosacepi\\\/\",\"url\":\"https:\\\/\\\/bonnenouvelle.pro\\\/rosacepi\\\/\",\"name\":\"Paroisse de XX \u00e0 XX\",\"isPartOf\":{\"@id\":\"https:\\\/\\\/bonnenouvelle.pro\\\/rosacepi\\\/#website\"},\"datePublished\":\"2013-06-11T17:49:26+00:00\",\"dateModified\":\"2017-05-24T12:32:27+00:00\",\"description\":\"Ouvrez la porte de vos vies \u00e0 la nouveaut\u00e9 de Dieu Pape Fran\u00e7ois\",\"inLanguage\":\"fr-FR\",\"potentialAction\":[{\"@type\":\"ReadAction\",\"target\":[\"https:\\\/\\\/bonnenouvelle.pro\\\/rosacepi\\\/\"]}]},{\"@type\":\"WebSite\",\"@id\":\"https:\\\/\\\/bonnenouvelle.pro\\\/rosacepi\\\/#website\",\"url\":\"https:\\\/\\\/bonnenouvelle.pro\\\/rosacepi\\\/\",\"name\":\"Rosace Pack Initial\",\"description\":\"Mod\u00e8le de site WordPress Bonnenouvelle.fr\",\"potentialAction\":[{\"@type\":\"SearchAction\",\"target\":{\"@type\":\"EntryPoint\",\"urlTemplate\":\"https:\\\/\\\/bonnenouvelle.pro\\\/rosacepi\\\/?s={search_term_string}\"},\"query-input\":{\"@type\":\"PropertyValueSpecification\",\"valueRequired\":true,\"valueName\":\"search_term_string\"}}],\"inLanguage\":\"fr-FR\"}]}<\/script>\n<!-- \/ Yoast SEO plugin. -->","yoast_head_json":{"title":"Paroisse de XX \u00e0 XX","description":"Ouvrez la porte de vos vies \u00e0 la nouveaut\u00e9 de Dieu Pape Fran\u00e7ois","robots":{"index":"noindex","follow":"follow","max-snippet":"max-snippet:-1","max-image-preview":"max-image-preview:large","max-video-preview":"max-video-preview:-1"},"og_locale":"fr_FR","og_type":"article","og_title":"Paroisse de XX \u00e0 XX","og_description":"Ouvrez la porte de vos vies \u00e0 la nouveaut\u00e9 de Dieu Pape Fran\u00e7ois","og_url":"https:\/\/bonnenouvelle.pro\/rosacepi\/","og_site_name":"Rosace Pack Initial","article_modified_time":"2017-05-24T12:32:27+00:00","twitter_card":"summary_large_image","schema":{"@context":"https:\/\/schema.org","@graph":[{"@type":"WebPage","@id":"https:\/\/bonnenouvelle.pro\/rosacepi\/","url":"https:\/\/bonnenouvelle.pro\/rosacepi\/","name":"Paroisse de XX \u00e0 XX","isPartOf":{"@id":"https:\/\/bonnenouvelle.pro\/rosacepi\/#website"},"datePublished":"2013-06-11T17:49:26+00:00","dateModified":"2017-05-24T12:32:27+00:00","description":"Ouvrez la porte de vos vies \u00e0 la nouveaut\u00e9 de Dieu Pape Fran\u00e7ois","inLanguage":"fr-FR","potentialAction":[{"@type":"ReadAction","target":["https:\/\/bonnenouvelle.pro\/rosacepi\/"]}]},{"@type":"WebSite","@id":"https:\/\/bonnenouvelle.pro\/rosacepi\/#website","url":"https:\/\/bonnenouvelle.pro\/rosacepi\/","name":"Rosace Pack Initial","description":"Mod\u00e8le de site WordPress Bonnenouvelle.fr","potentialAction":[{"@type":"SearchAction","target":{"@type":"EntryPoint","urlTemplate":"https:\/\/bonnenouvelle.pro\/rosacepi\/?s={search_term_string}"},"query-input":{"@type":"PropertyValueSpecification","valueRequired":true,"valueName":"search_term_string"}}],"inLanguage":"fr-FR"}]}},"_links":{"self":[{"href":"https:\/\/bonnenouvelle.pro\/rosacepi\/wp-json\/wp\/v2\/pages\/10","targetHints":{"allow":["GET"]}}],"collection":[{"href":"https:\/\/bonnenouvelle.pro\/rosacepi\/wp-json\/wp\/v2\/pages"}],"about":[{"href":"https:\/\/bonnenouvelle.pro\/rosacepi\/wp-json\/wp\/v2\/types\/page"}],"author":[{"embeddable":true,"href":"https:\/\/bonnenouvelle.pro\/rosacepi\/wp-json\/wp\/v2\/users\/2"}],"replies":[{"embeddable":true,"href":"https:\/\/bonnenouvelle.pro\/rosacepi\/wp-json\/wp\/v2\/comments?post=10"}],"version-history":[{"count":0,"href":"https:\/\/bonnenouvelle.pro\/rosacepi\/wp-json\/wp\/v2\/pages\/10\/revisions"}],"wp:attachment":[{"href":"https:\/\/bonnenouvelle.pro\/rosacepi\/wp-json\/wp\/v2\/media?parent=10"}],"curies":[{"name":"wp","href":"https:\/\/api.w.org\/{rel}","templated":true}]}}